{"id":430,"date":"2016-12-03T13:26:03","date_gmt":"2016-12-03T13:26:03","guid":{"rendered":"http:\/\/www.prismafer.pt\/?page_id=430"},"modified":"2017-02-04T18:39:19","modified_gmt":"2017-02-04T18:39:19","slug":"sectores-industriais","status":"publish","type":"page","link":"https:\/\/prismafer.pt\/fr\/sectores-industriais\/","title":{"rendered":"Secteurs Industriels"},"content":{"rendered":"<p><img loading=\"lazy\" decoding=\"async\" class=\" wp-image-560 alignright\" src=\"https:\/\/prismafer.pt\/wp-content\/uploads\/2016\/12\/gif-sec.gif\" alt=\"gif-sec\" width=\"334\" height=\"214\"><\/p>\n<p>Portugal occupe une place leader au niveau mondial dans le secteur de l\u2019Industrie des Moules pour Injection Plastique. Les grandes soci\u00e9t\u00e9s internationales (industrie automobile, emballages, \u00e9lectronique\/t\u00e9l\u00e9communications, &nbsp;\u00e9lectrom\u00e9nagers, etc.) choisissent de plus en plus des entreprises nationales pour la fabrication de leurs moules. Leur choix se base sur l\u2019expertise et l\u2019exp\u00e9rience des fabricants de moules portugais, au niveau du respect des normes de qualit\u00e9, de l\u2019assistance technique, des d\u00e9lais de livraison, des prix pratiqu\u00e9s et de la capacit\u00e9 technologique.<\/p>\n<p>Actuellement PRISMAFER est connue comme un partenaire d\u2019\u00e9lection clairement orient\u00e9 vers le client.<\/p>\n<p>Ex\u00e9cutant des projets dans divers secteurs, nous mentionnons quelques-uns de ceux o\u00f9 nous avons une pr\u00e9sence consolid\u00e9e, \u00e0 savoir&nbsp;:<\/p>\n<p>&nbsp;<\/p>\n<p><img loading=\"lazy\" decoding=\"async\" class=\"wp-image-1101 alignleft\" src=\"https:\/\/prismafer.pt\/wp-content\/uploads\/2016\/12\/fr.png\" alt=\"\" width=\"702\" height=\"193\"><\/p>\n<p><a href=\"https:\/\/prismafer.pt\/wp-content\/uploads\/2016\/12\/anigif-123.gif\"><img loading=\"lazy\" decoding=\"async\" class=\"wp-image-1115 alignright\" src=\"https:\/\/prismafer.pt\/wp-content\/uploads\/2016\/12\/anigif-123.gif\" width=\"335\" height=\"215\"><\/a>&nbsp;&nbsp;&nbsp;&nbsp;&nbsp;&nbsp;&nbsp;&nbsp;&nbsp;&nbsp;&nbsp;&nbsp;&nbsp;&nbsp;&nbsp;&nbsp;&nbsp;&nbsp;&nbsp;&nbsp;&nbsp;&nbsp;&nbsp;&nbsp;&nbsp;&nbsp;&nbsp;&nbsp;&nbsp;&nbsp;&nbsp;&nbsp;&nbsp;&nbsp;&nbsp;&nbsp;&nbsp;&nbsp;&nbsp;&nbsp;&nbsp;&nbsp;&nbsp;&nbsp;&nbsp;&nbsp;&nbsp;&nbsp;&nbsp;&nbsp;&nbsp;&nbsp;&nbsp;&nbsp;&nbsp;&nbsp;&nbsp;&nbsp;&nbsp;&nbsp;&nbsp;&nbsp;&nbsp;&nbsp;&nbsp;&nbsp;&nbsp;&nbsp;&nbsp;&nbsp;&nbsp;&nbsp;&nbsp;&nbsp;&nbsp;&nbsp;&nbsp;&nbsp;&nbsp;&nbsp;&nbsp;&nbsp;&nbsp;&nbsp;&nbsp;&nbsp;&nbsp;&nbsp;&nbsp;&nbsp;&nbsp;&nbsp;&nbsp;&nbsp;&nbsp;&nbsp;&nbsp;&nbsp;&nbsp;&nbsp;&nbsp;&nbsp;&nbsp;&nbsp;&nbsp;&nbsp;&nbsp;&nbsp;&nbsp;&nbsp;&nbsp;&nbsp;&nbsp;&nbsp;&nbsp;&nbsp;&nbsp;&nbsp;&nbsp;&nbsp;&nbsp;&nbsp;&nbsp;&nbsp;&nbsp;&nbsp;&nbsp;&nbsp;&nbsp;&nbsp;&nbsp;&nbsp;&nbsp;&nbsp;&nbsp;&nbsp;&nbsp;&nbsp;&nbsp;&nbsp;&nbsp;&nbsp;&nbsp;&nbsp;&nbsp;&nbsp;&nbsp;&nbsp;&nbsp;&nbsp;&nbsp;&nbsp;&nbsp;&nbsp;&nbsp;&nbsp;&nbsp;&nbsp;&nbsp;&nbsp;&nbsp;&nbsp;&nbsp;&nbsp;&nbsp;&nbsp;&nbsp;&nbsp;&nbsp;&nbsp;&nbsp;&nbsp;<\/p>\n<p>&nbsp;<br \/>\n&nbsp;<\/p>","protected":false},"excerpt":{"rendered":"<p>Portugal occupe une place leader au niveau mondial dans le secteur de l\u2019Industrie des Moules pour Injection Plastique. Les grandes soci\u00e9t\u00e9s internationales (industrie automobile, emballages, \u00e9lectronique\/t\u00e9l\u00e9communications, &nbsp;\u00e9lectrom\u00e9nagers, etc.) choisissent de plus en plus des entreprises nationales pour la fabrication de leurs moules. Leur choix se base sur l\u2019expertise et l\u2019exp\u00e9rience des fabricants de moules portugais, <a class=\"read-more\" href=\"https:\/\/prismafer.pt\/fr\/sectores-industriais\/\">Read More<\/a><\/p>\n","protected":false},"author":1,"featured_media":0,"parent":0,"menu_order":0,"comment_status":"closed","ping_status":"closed","template":"template-full-width.php","meta":{"ngg_post_thumbnail":0,"footnotes":""},"class_list":["post-430","page","type-page","status-publish","hentry"],"yoast_head":"<!-- This site is optimized with the Yoast SEO plugin v26.8 - https:\/\/yoast.com\/product\/yoast-seo-wordpress\/ -->\n<title>Secteurs Industriels - PRISMAFER || Moldes para Pl&aacute;sticos<\/title>\n<meta name=\"robots\" content=\"index, follow, max-snippet:-1, max-image-preview:large, max-video-preview:-1\" \/>\n<link rel=\"canonical\" href=\"https:\/\/prismafer.pt\/sectores-industriais\/\" \/>\n<meta property=\"og:locale\" content=\"fr_FR\" \/>\n<meta property=\"og:type\" content=\"article\" \/>\n<meta property=\"og:title\" content=\"Secteurs Industriels - PRISMAFER || Moldes para Pl&aacute;sticos\" \/>\n<meta property=\"og:description\" content=\"Portugal occupe une place leader au niveau mondial dans le secteur de l\u2019Industrie des Moules pour Injection Plastique. Les grandes soci\u00e9t\u00e9s internationales (industrie automobile, emballages, \u00e9lectronique\/t\u00e9l\u00e9communications, &nbsp;\u00e9lectrom\u00e9nagers, etc.) choisissent de plus en plus des entreprises nationales pour la fabrication de leurs moules. Leur choix se base sur l\u2019expertise et l\u2019exp\u00e9rience des fabricants de moules portugais, Read More\" \/>\n<meta property=\"og:url\" content=\"https:\/\/prismafer.pt\/sectores-industriais\/\" \/>\n<meta property=\"og:site_name\" content=\"PRISMAFER || Moldes para Pl&aacute;sticos\" \/>\n<meta property=\"article:modified_time\" content=\"2017-02-04T18:39:19+00:00\" \/>\n<meta property=\"og:image\" content=\"https:\/\/prismafer.pt\/wp-content\/uploads\/2016\/12\/gif-sec.gif\" \/>\n<meta name=\"twitter:card\" content=\"summary_large_image\" \/>\n<meta name=\"twitter:label1\" content=\"Dur\u00e9e de lecture estim\u00e9e\" \/>\n\t<meta name=\"twitter:data1\" content=\"7 minutes\" \/>\n<script type=\"application\/ld+json\" class=\"yoast-schema-graph\">{\"@context\":\"https:\/\/schema.org\",\"@graph\":[{\"@type\":\"WebPage\",\"@id\":\"https:\/\/prismafer.pt\/sectores-industriais\/\",\"url\":\"https:\/\/prismafer.pt\/sectores-industriais\/\",\"name\":\"Secteurs Industriels - PRISMAFER || Moldes para Pl&aacute;sticos\",\"isPartOf\":{\"@id\":\"https:\/\/prismafer.pt\/#website\"},\"primaryImageOfPage\":{\"@id\":\"https:\/\/prismafer.pt\/sectores-industriais\/#primaryimage\"},\"image\":{\"@id\":\"https:\/\/prismafer.pt\/sectores-industriais\/#primaryimage\"},\"thumbnailUrl\":\"https:\/\/prismafer.pt\/wp-content\/uploads\/2016\/12\/gif-sec.gif\",\"datePublished\":\"2016-12-03T13:26:03+00:00\",\"dateModified\":\"2017-02-04T18:39:19+00:00\",\"breadcrumb\":{\"@id\":\"https:\/\/prismafer.pt\/sectores-industriais\/#breadcrumb\"},\"inLanguage\":\"fr-FR\",\"potentialAction\":[{\"@type\":\"ReadAction\",\"target\":[\"https:\/\/prismafer.pt\/sectores-industriais\/\"]}]},{\"@type\":\"ImageObject\",\"inLanguage\":\"fr-FR\",\"@id\":\"https:\/\/prismafer.pt\/sectores-industriais\/#primaryimage\",\"url\":\"https:\/\/prismafer.pt\/wp-content\/uploads\/2016\/12\/gif-sec.gif\",\"contentUrl\":\"https:\/\/prismafer.pt\/wp-content\/uploads\/2016\/12\/gif-sec.gif\"},{\"@type\":\"BreadcrumbList\",\"@id\":\"https:\/\/prismafer.pt\/sectores-industriais\/#breadcrumb\",\"itemListElement\":[{\"@type\":\"ListItem\",\"position\":1,\"name\":\"In\u00edcio\",\"item\":\"https:\/\/prismafer.pt\/\"},{\"@type\":\"ListItem\",\"position\":2,\"name\":\"Sectores Industriais\"}]},{\"@type\":\"WebSite\",\"@id\":\"https:\/\/prismafer.pt\/#website\",\"url\":\"https:\/\/prismafer.pt\/\",\"name\":\"PRISMAFER || Moldes para Pl&aacute;sticos\",\"description\":\"forbrand\",\"publisher\":{\"@id\":\"https:\/\/prismafer.pt\/#organization\"},\"potentialAction\":[{\"@type\":\"SearchAction\",\"target\":{\"@type\":\"EntryPoint\",\"urlTemplate\":\"https:\/\/prismafer.pt\/?s={search_term_string}\"},\"query-input\":{\"@type\":\"PropertyValueSpecification\",\"valueRequired\":true,\"valueName\":\"search_term_string\"}}],\"inLanguage\":\"fr-FR\"},{\"@type\":\"Organization\",\"@id\":\"https:\/\/prismafer.pt\/#organization\",\"name\":\"Prismafer\",\"url\":\"https:\/\/prismafer.pt\/\",\"logo\":{\"@type\":\"ImageObject\",\"inLanguage\":\"fr-FR\",\"@id\":\"https:\/\/prismafer.pt\/#\/schema\/logo\/image\/\",\"url\":\"https:\/\/prismafer.pt\/wp-content\/uploads\/2016\/11\/prismafer.jpg\",\"contentUrl\":\"https:\/\/prismafer.pt\/wp-content\/uploads\/2016\/11\/prismafer.jpg\",\"width\":300,\"height\":100,\"caption\":\"Prismafer\"},\"image\":{\"@id\":\"https:\/\/prismafer.pt\/#\/schema\/logo\/image\/\"}}]}<\/script>\n<!-- \/ Yoast SEO plugin. -->","yoast_head_json":{"title":"Secteurs Industriels - PRISMAFER || Moldes para Pl&aacute;sticos","robots":{"index":"index","follow":"follow","max-snippet":"max-snippet:-1","max-image-preview":"max-image-preview:large","max-video-preview":"max-video-preview:-1"},"canonical":"https:\/\/prismafer.pt\/sectores-industriais\/","og_locale":"fr_FR","og_type":"article","og_title":"Secteurs Industriels - PRISMAFER || Moldes para Pl&aacute;sticos","og_description":"Portugal occupe une place leader au niveau mondial dans le secteur de l\u2019Industrie des Moules pour Injection Plastique. Les grandes soci\u00e9t\u00e9s internationales (industrie automobile, emballages, \u00e9lectronique\/t\u00e9l\u00e9communications, &nbsp;\u00e9lectrom\u00e9nagers, etc.) choisissent de plus en plus des entreprises nationales pour la fabrication de leurs moules. Leur choix se base sur l\u2019expertise et l\u2019exp\u00e9rience des fabricants de moules portugais, Read More","og_url":"https:\/\/prismafer.pt\/sectores-industriais\/","og_site_name":"PRISMAFER || Moldes para Pl&aacute;sticos","article_modified_time":"2017-02-04T18:39:19+00:00","og_image":[{"url":"https:\/\/prismafer.pt\/wp-content\/uploads\/2016\/12\/gif-sec.gif","type":"","width":"","height":""}],"twitter_card":"summary_large_image","twitter_misc":{"Dur\u00e9e de lecture estim\u00e9e":"7 minutes"},"schema":{"@context":"https:\/\/schema.org","@graph":[{"@type":"WebPage","@id":"https:\/\/prismafer.pt\/sectores-industriais\/","url":"https:\/\/prismafer.pt\/sectores-industriais\/","name":"Secteurs Industriels - PRISMAFER || Moldes para Pl&aacute;sticos","isPartOf":{"@id":"https:\/\/prismafer.pt\/#website"},"primaryImageOfPage":{"@id":"https:\/\/prismafer.pt\/sectores-industriais\/#primaryimage"},"image":{"@id":"https:\/\/prismafer.pt\/sectores-industriais\/#primaryimage"},"thumbnailUrl":"https:\/\/prismafer.pt\/wp-content\/uploads\/2016\/12\/gif-sec.gif","datePublished":"2016-12-03T13:26:03+00:00","dateModified":"2017-02-04T18:39:19+00:00","breadcrumb":{"@id":"https:\/\/prismafer.pt\/sectores-industriais\/#breadcrumb"},"inLanguage":"fr-FR","potentialAction":[{"@type":"ReadAction","target":["https:\/\/prismafer.pt\/sectores-industriais\/"]}]},{"@type":"ImageObject","inLanguage":"fr-FR","@id":"https:\/\/prismafer.pt\/sectores-industriais\/#primaryimage","url":"https:\/\/prismafer.pt\/wp-content\/uploads\/2016\/12\/gif-sec.gif","contentUrl":"https:\/\/prismafer.pt\/wp-content\/uploads\/2016\/12\/gif-sec.gif"},{"@type":"BreadcrumbList","@id":"https:\/\/prismafer.pt\/sectores-industriais\/#breadcrumb","itemListElement":[{"@type":"ListItem","position":1,"name":"In\u00edcio","item":"https:\/\/prismafer.pt\/"},{"@type":"ListItem","position":2,"name":"Sectores Industriais"}]},{"@type":"WebSite","@id":"https:\/\/prismafer.pt\/#website","url":"https:\/\/prismafer.pt\/","name":"PRISMAFER || Moldes para Pl&aacute;sticos","description":"forbrand","publisher":{"@id":"https:\/\/prismafer.pt\/#organization"},"potentialAction":[{"@type":"SearchAction","target":{"@type":"EntryPoint","urlTemplate":"https:\/\/prismafer.pt\/?s={search_term_string}"},"query-input":{"@type":"PropertyValueSpecification","valueRequired":true,"valueName":"search_term_string"}}],"inLanguage":"fr-FR"},{"@type":"Organization","@id":"https:\/\/prismafer.pt\/#organization","name":"Prismafer","url":"https:\/\/prismafer.pt\/","logo":{"@type":"ImageObject","inLanguage":"fr-FR","@id":"https:\/\/prismafer.pt\/#\/schema\/logo\/image\/","url":"https:\/\/prismafer.pt\/wp-content\/uploads\/2016\/11\/prismafer.jpg","contentUrl":"https:\/\/prismafer.pt\/wp-content\/uploads\/2016\/11\/prismafer.jpg","width":300,"height":100,"caption":"Prismafer"},"image":{"@id":"https:\/\/prismafer.pt\/#\/schema\/logo\/image\/"}}]}},"_links":{"self":[{"href":"https:\/\/prismafer.pt\/fr\/wp-json\/wp\/v2\/pages\/430","targetHints":{"allow":["GET"]}}],"collection":[{"href":"https:\/\/prismafer.pt\/fr\/wp-json\/wp\/v2\/pages"}],"about":[{"href":"https:\/\/prismafer.pt\/fr\/wp-json\/wp\/v2\/types\/page"}],"author":[{"embeddable":true,"href":"https:\/\/prismafer.pt\/fr\/wp-json\/wp\/v2\/users\/1"}],"replies":[{"embeddable":true,"href":"https:\/\/prismafer.pt\/fr\/wp-json\/wp\/v2\/comments?post=430"}],"version-history":[{"count":40,"href":"https:\/\/prismafer.pt\/fr\/wp-json\/wp\/v2\/pages\/430\/revisions"}],"predecessor-version":[{"id":1284,"href":"https:\/\/prismafer.pt\/fr\/wp-json\/wp\/v2\/pages\/430\/revisions\/1284"}],"wp:attachment":[{"href":"https:\/\/prismafer.pt\/fr\/wp-json\/wp\/v2\/media?parent=430"}],"curies":[{"name":"wp","href":"https:\/\/api.w.org\/{rel}","templated":true}]}}