{"id":410,"date":"2016-12-03T13:17:31","date_gmt":"2016-12-03T13:17:31","guid":{"rendered":"http:\/\/www.prismafer.pt\/?page_id=410"},"modified":"2017-02-01T22:00:08","modified_gmt":"2017-02-01T22:00:08","slug":"410-2","status":"publish","type":"page","link":"https:\/\/prismafer.pt\/fr\/410-2\/","title":{"rendered":"Pi\u00e8ces"},"content":{"rendered":"<p>\u201cEn ce qui concerne l\u2019engagement, le compromis, l\u2019effort, la d\u00e9dication, il n\u2019y a pas de juste milieu. Ou on fait les choses bien faites, ou on ne les fait pas.\u201d<\/p>\n<p>Ayrton Senna<\/p>\n<p style=\"text-align: center;\">Observez quelques exemples des r\u00e9sultats du travail r\u00e9alis\u00e9\u2026<\/p>\n<p>ngg_shortcode_3_placeholder<\/p>","protected":false},"excerpt":{"rendered":"<p>\u201cEn ce qui concerne l\u2019engagement, le compromis, l\u2019effort, la d\u00e9dication, il n\u2019y a pas de juste milieu. Ou on fait les choses bien faites, ou on ne les fait pas.\u201d Ayrton Senna Observez quelques exemples des r\u00e9sultats du travail r\u00e9alis\u00e9\u2026<\/p>\n","protected":false},"author":1,"featured_media":0,"parent":0,"menu_order":0,"comment_status":"closed","ping_status":"closed","template":"template-full-width.php","meta":{"ngg_post_thumbnail":0,"footnotes":""},"class_list":["post-410","page","type-page","status-publish","hentry"],"yoast_head":"<!-- This site is optimized with the Yoast SEO plugin v26.8 - https:\/\/yoast.com\/product\/yoast-seo-wordpress\/ -->\n<title>Pi\u00e8ces - PRISMAFER || Moldes para Pl&aacute;sticos<\/title>\n<meta name=\"robots\" content=\"index, follow, max-snippet:-1, max-image-preview:large, max-video-preview:-1\" \/>\n<link rel=\"canonical\" href=\"https:\/\/prismafer.pt\/410-2\/\" \/>\n<meta property=\"og:locale\" content=\"fr_FR\" \/>\n<meta property=\"og:type\" content=\"article\" \/>\n<meta property=\"og:title\" content=\"Pi\u00e8ces - PRISMAFER || Moldes para Pl&aacute;sticos\" \/>\n<meta property=\"og:description\" content=\"\u201cEn ce qui concerne l\u2019engagement, le compromis, l\u2019effort, la d\u00e9dication, il n\u2019y a pas de juste milieu. Ou on fait les choses bien faites, ou on ne les fait pas.\u201d Ayrton Senna Observez quelques exemples des r\u00e9sultats du travail r\u00e9alis\u00e9\u2026\" \/>\n<meta property=\"og:url\" content=\"https:\/\/prismafer.pt\/410-2\/\" \/>\n<meta property=\"og:site_name\" content=\"PRISMAFER || Moldes para Pl&aacute;sticos\" \/>\n<meta property=\"article:modified_time\" content=\"2017-02-01T22:00:08+00:00\" \/>\n<meta name=\"twitter:card\" content=\"summary_large_image\" \/>\n<meta name=\"twitter:label1\" content=\"Dur\u00e9e de lecture estim\u00e9e\" \/>\n\t<meta name=\"twitter:data1\" content=\"2 minutes\" \/>\n<script type=\"application\/ld+json\" class=\"yoast-schema-graph\">{\"@context\":\"https:\/\/schema.org\",\"@graph\":[{\"@type\":\"WebPage\",\"@id\":\"https:\/\/prismafer.pt\/410-2\/\",\"url\":\"https:\/\/prismafer.pt\/410-2\/\",\"name\":\"Pi\u00e8ces - PRISMAFER || Moldes para Pl&aacute;sticos\",\"isPartOf\":{\"@id\":\"https:\/\/prismafer.pt\/#website\"},\"datePublished\":\"2016-12-03T13:17:31+00:00\",\"dateModified\":\"2017-02-01T22:00:08+00:00\",\"breadcrumb\":{\"@id\":\"https:\/\/prismafer.pt\/410-2\/#breadcrumb\"},\"inLanguage\":\"fr-FR\",\"potentialAction\":[{\"@type\":\"ReadAction\",\"target\":[\"https:\/\/prismafer.pt\/410-2\/\"]}]},{\"@type\":\"BreadcrumbList\",\"@id\":\"https:\/\/prismafer.pt\/410-2\/#breadcrumb\",\"itemListElement\":[{\"@type\":\"ListItem\",\"position\":1,\"name\":\"In\u00edcio\",\"item\":\"https:\/\/prismafer.pt\/\"},{\"@type\":\"ListItem\",\"position\":2,\"name\":\"Pe\u00e7as\"}]},{\"@type\":\"WebSite\",\"@id\":\"https:\/\/prismafer.pt\/#website\",\"url\":\"https:\/\/prismafer.pt\/\",\"name\":\"PRISMAFER || Moldes para Pl&aacute;sticos\",\"description\":\"forbrand\",\"publisher\":{\"@id\":\"https:\/\/prismafer.pt\/#organization\"},\"potentialAction\":[{\"@type\":\"SearchAction\",\"target\":{\"@type\":\"EntryPoint\",\"urlTemplate\":\"https:\/\/prismafer.pt\/?s={search_term_string}\"},\"query-input\":{\"@type\":\"PropertyValueSpecification\",\"valueRequired\":true,\"valueName\":\"search_term_string\"}}],\"inLanguage\":\"fr-FR\"},{\"@type\":\"Organization\",\"@id\":\"https:\/\/prismafer.pt\/#organization\",\"name\":\"Prismafer\",\"url\":\"https:\/\/prismafer.pt\/\",\"logo\":{\"@type\":\"ImageObject\",\"inLanguage\":\"fr-FR\",\"@id\":\"https:\/\/prismafer.pt\/#\/schema\/logo\/image\/\",\"url\":\"https:\/\/prismafer.pt\/wp-content\/uploads\/2016\/11\/prismafer.jpg\",\"contentUrl\":\"https:\/\/prismafer.pt\/wp-content\/uploads\/2016\/11\/prismafer.jpg\",\"width\":300,\"height\":100,\"caption\":\"Prismafer\"},\"image\":{\"@id\":\"https:\/\/prismafer.pt\/#\/schema\/logo\/image\/\"}}]}<\/script>\n<!-- \/ Yoast SEO plugin. -->","yoast_head_json":{"title":"Pi\u00e8ces - PRISMAFER || Moldes para Pl&aacute;sticos","robots":{"index":"index","follow":"follow","max-snippet":"max-snippet:-1","max-image-preview":"max-image-preview:large","max-video-preview":"max-video-preview:-1"},"canonical":"https:\/\/prismafer.pt\/410-2\/","og_locale":"fr_FR","og_type":"article","og_title":"Pi\u00e8ces - PRISMAFER || Moldes para Pl&aacute;sticos","og_description":"\u201cEn ce qui concerne l\u2019engagement, le compromis, l\u2019effort, la d\u00e9dication, il n\u2019y a pas de juste milieu. Ou on fait les choses bien faites, ou on ne les fait pas.\u201d Ayrton Senna Observez quelques exemples des r\u00e9sultats du travail r\u00e9alis\u00e9\u2026","og_url":"https:\/\/prismafer.pt\/410-2\/","og_site_name":"PRISMAFER || Moldes para Pl&aacute;sticos","article_modified_time":"2017-02-01T22:00:08+00:00","twitter_card":"summary_large_image","twitter_misc":{"Dur\u00e9e de lecture estim\u00e9e":"2 minutes"},"schema":{"@context":"https:\/\/schema.org","@graph":[{"@type":"WebPage","@id":"https:\/\/prismafer.pt\/410-2\/","url":"https:\/\/prismafer.pt\/410-2\/","name":"Pi\u00e8ces - PRISMAFER || Moldes para Pl&aacute;sticos","isPartOf":{"@id":"https:\/\/prismafer.pt\/#website"},"datePublished":"2016-12-03T13:17:31+00:00","dateModified":"2017-02-01T22:00:08+00:00","breadcrumb":{"@id":"https:\/\/prismafer.pt\/410-2\/#breadcrumb"},"inLanguage":"fr-FR","potentialAction":[{"@type":"ReadAction","target":["https:\/\/prismafer.pt\/410-2\/"]}]},{"@type":"BreadcrumbList","@id":"https:\/\/prismafer.pt\/410-2\/#breadcrumb","itemListElement":[{"@type":"ListItem","position":1,"name":"In\u00edcio","item":"https:\/\/prismafer.pt\/"},{"@type":"ListItem","position":2,"name":"Pe\u00e7as"}]},{"@type":"WebSite","@id":"https:\/\/prismafer.pt\/#website","url":"https:\/\/prismafer.pt\/","name":"PRISMAFER || Moldes para Pl&aacute;sticos","description":"forbrand","publisher":{"@id":"https:\/\/prismafer.pt\/#organization"},"potentialAction":[{"@type":"SearchAction","target":{"@type":"EntryPoint","urlTemplate":"https:\/\/prismafer.pt\/?s={search_term_string}"},"query-input":{"@type":"PropertyValueSpecification","valueRequired":true,"valueName":"search_term_string"}}],"inLanguage":"fr-FR"},{"@type":"Organization","@id":"https:\/\/prismafer.pt\/#organization","name":"Prismafer","url":"https:\/\/prismafer.pt\/","logo":{"@type":"ImageObject","inLanguage":"fr-FR","@id":"https:\/\/prismafer.pt\/#\/schema\/logo\/image\/","url":"https:\/\/prismafer.pt\/wp-content\/uploads\/2016\/11\/prismafer.jpg","contentUrl":"https:\/\/prismafer.pt\/wp-content\/uploads\/2016\/11\/prismafer.jpg","width":300,"height":100,"caption":"Prismafer"},"image":{"@id":"https:\/\/prismafer.pt\/#\/schema\/logo\/image\/"}}]}},"_links":{"self":[{"href":"https:\/\/prismafer.pt\/fr\/wp-json\/wp\/v2\/pages\/410","targetHints":{"allow":["GET"]}}],"collection":[{"href":"https:\/\/prismafer.pt\/fr\/wp-json\/wp\/v2\/pages"}],"about":[{"href":"https:\/\/prismafer.pt\/fr\/wp-json\/wp\/v2\/types\/page"}],"author":[{"embeddable":true,"href":"https:\/\/prismafer.pt\/fr\/wp-json\/wp\/v2\/users\/1"}],"replies":[{"embeddable":true,"href":"https:\/\/prismafer.pt\/fr\/wp-json\/wp\/v2\/comments?post=410"}],"version-history":[{"count":18,"href":"https:\/\/prismafer.pt\/fr\/wp-json\/wp\/v2\/pages\/410\/revisions"}],"predecessor-version":[{"id":1261,"href":"https:\/\/prismafer.pt\/fr\/wp-json\/wp\/v2\/pages\/410\/revisions\/1261"}],"wp:attachment":[{"href":"https:\/\/prismafer.pt\/fr\/wp-json\/wp\/v2\/media?parent=410"}],"curies":[{"name":"wp","href":"https:\/\/api.w.org\/{rel}","templated":true}]}}