{"id":409,"date":"2016-12-03T13:15:30","date_gmt":"2016-12-03T13:15:30","guid":{"rendered":"http:\/\/www.prismafer.pt\/?page_id=409"},"modified":"2017-03-10T17:59:24","modified_gmt":"2017-03-10T17:59:24","slug":"moldes-2","status":"publish","type":"page","link":"https:\/\/prismafer.pt\/fr\/moldes-2\/","title":{"rendered":"Moules"},"content":{"rendered":"<p>Pour PRISMAFER, la fabrication d\u2019un moule est toujours per\u00e7ue comme un nouveau d\u00e9fi, \u00e0 cause des sp\u00e9cificit\u00e9s de chaque pi\u00e8ce et de la complexit\u00e9 g\u00e9om\u00e9trique \u00e0 laquelle il faut normalement faire face, chaque projet est \u00e9tudi\u00e9 et d\u00e9velopp\u00e9 rigoureusement pour que le r\u00e9sultat final soit le plus efficace possible.<\/p>\n<p style=\"text-align: center;\">Observez quelques projets qui font partie de notre portfolio\u2026<\/p>\n<p>ngg_shortcode_3_placeholder<\/p>","protected":false},"excerpt":{"rendered":"<p>Pour PRISMAFER, la fabrication d\u2019un moule est toujours per\u00e7ue comme un nouveau d\u00e9fi, \u00e0 cause des sp\u00e9cificit\u00e9s de chaque pi\u00e8ce et de la complexit\u00e9 g\u00e9om\u00e9trique \u00e0 laquelle il faut normalement faire face, chaque projet est \u00e9tudi\u00e9 et d\u00e9velopp\u00e9 rigoureusement pour que le r\u00e9sultat final soit le plus efficace possible. Observez quelques projets qui font partie <a class=\"read-more\" href=\"https:\/\/prismafer.pt\/fr\/moldes-2\/\">Read More<\/a><\/p>\n","protected":false},"author":1,"featured_media":0,"parent":0,"menu_order":0,"comment_status":"closed","ping_status":"closed","template":"template-full-width.php","meta":{"ngg_post_thumbnail":0,"footnotes":""},"class_list":["post-409","page","type-page","status-publish","hentry"],"yoast_head":"<!-- This site is optimized with the Yoast SEO plugin v26.8 - https:\/\/yoast.com\/product\/yoast-seo-wordpress\/ -->\n<title>Moules - PRISMAFER || Moldes para Pl&aacute;sticos<\/title>\n<meta name=\"robots\" content=\"index, follow, max-snippet:-1, max-image-preview:large, max-video-preview:-1\" \/>\n<link rel=\"canonical\" href=\"https:\/\/prismafer.pt\/moldes-2\/\" \/>\n<meta property=\"og:locale\" content=\"fr_FR\" \/>\n<meta property=\"og:type\" content=\"article\" \/>\n<meta property=\"og:title\" content=\"Moules - PRISMAFER || Moldes para Pl&aacute;sticos\" \/>\n<meta property=\"og:description\" content=\"Pour PRISMAFER, la fabrication d\u2019un moule est toujours per\u00e7ue comme un nouveau d\u00e9fi, \u00e0 cause des sp\u00e9cificit\u00e9s de chaque pi\u00e8ce et de la complexit\u00e9 g\u00e9om\u00e9trique \u00e0 laquelle il faut normalement faire face, chaque projet est \u00e9tudi\u00e9 et d\u00e9velopp\u00e9 rigoureusement pour que le r\u00e9sultat final soit le plus efficace possible. Observez quelques projets qui font partie Read More\" \/>\n<meta property=\"og:url\" content=\"https:\/\/prismafer.pt\/moldes-2\/\" \/>\n<meta property=\"og:site_name\" content=\"PRISMAFER || Moldes para Pl&aacute;sticos\" \/>\n<meta property=\"article:modified_time\" content=\"2017-03-10T17:59:24+00:00\" \/>\n<meta name=\"twitter:card\" content=\"summary_large_image\" \/>\n<meta name=\"twitter:label1\" content=\"Dur\u00e9e de lecture estim\u00e9e\" \/>\n\t<meta name=\"twitter:data1\" content=\"3 minutes\" \/>\n<script type=\"application\/ld+json\" class=\"yoast-schema-graph\">{\"@context\":\"https:\/\/schema.org\",\"@graph\":[{\"@type\":\"WebPage\",\"@id\":\"https:\/\/prismafer.pt\/moldes-2\/\",\"url\":\"https:\/\/prismafer.pt\/moldes-2\/\",\"name\":\"Moules - PRISMAFER || Moldes para Pl&aacute;sticos\",\"isPartOf\":{\"@id\":\"https:\/\/prismafer.pt\/#website\"},\"datePublished\":\"2016-12-03T13:15:30+00:00\",\"dateModified\":\"2017-03-10T17:59:24+00:00\",\"breadcrumb\":{\"@id\":\"https:\/\/prismafer.pt\/moldes-2\/#breadcrumb\"},\"inLanguage\":\"fr-FR\",\"potentialAction\":[{\"@type\":\"ReadAction\",\"target\":[\"https:\/\/prismafer.pt\/moldes-2\/\"]}]},{\"@type\":\"BreadcrumbList\",\"@id\":\"https:\/\/prismafer.pt\/moldes-2\/#breadcrumb\",\"itemListElement\":[{\"@type\":\"ListItem\",\"position\":1,\"name\":\"In\u00edcio\",\"item\":\"https:\/\/prismafer.pt\/\"},{\"@type\":\"ListItem\",\"position\":2,\"name\":\"Moldes\"}]},{\"@type\":\"WebSite\",\"@id\":\"https:\/\/prismafer.pt\/#website\",\"url\":\"https:\/\/prismafer.pt\/\",\"name\":\"PRISMAFER || Moldes para Pl&aacute;sticos\",\"description\":\"forbrand\",\"publisher\":{\"@id\":\"https:\/\/prismafer.pt\/#organization\"},\"potentialAction\":[{\"@type\":\"SearchAction\",\"target\":{\"@type\":\"EntryPoint\",\"urlTemplate\":\"https:\/\/prismafer.pt\/?s={search_term_string}\"},\"query-input\":{\"@type\":\"PropertyValueSpecification\",\"valueRequired\":true,\"valueName\":\"search_term_string\"}}],\"inLanguage\":\"fr-FR\"},{\"@type\":\"Organization\",\"@id\":\"https:\/\/prismafer.pt\/#organization\",\"name\":\"Prismafer\",\"url\":\"https:\/\/prismafer.pt\/\",\"logo\":{\"@type\":\"ImageObject\",\"inLanguage\":\"fr-FR\",\"@id\":\"https:\/\/prismafer.pt\/#\/schema\/logo\/image\/\",\"url\":\"https:\/\/prismafer.pt\/wp-content\/uploads\/2016\/11\/prismafer.jpg\",\"contentUrl\":\"https:\/\/prismafer.pt\/wp-content\/uploads\/2016\/11\/prismafer.jpg\",\"width\":300,\"height\":100,\"caption\":\"Prismafer\"},\"image\":{\"@id\":\"https:\/\/prismafer.pt\/#\/schema\/logo\/image\/\"}}]}<\/script>\n<!-- \/ Yoast SEO plugin. -->","yoast_head_json":{"title":"Moules - PRISMAFER || Moldes para Pl&aacute;sticos","robots":{"index":"index","follow":"follow","max-snippet":"max-snippet:-1","max-image-preview":"max-image-preview:large","max-video-preview":"max-video-preview:-1"},"canonical":"https:\/\/prismafer.pt\/moldes-2\/","og_locale":"fr_FR","og_type":"article","og_title":"Moules - PRISMAFER || Moldes para Pl&aacute;sticos","og_description":"Pour PRISMAFER, la fabrication d\u2019un moule est toujours per\u00e7ue comme un nouveau d\u00e9fi, \u00e0 cause des sp\u00e9cificit\u00e9s de chaque pi\u00e8ce et de la complexit\u00e9 g\u00e9om\u00e9trique \u00e0 laquelle il faut normalement faire face, chaque projet est \u00e9tudi\u00e9 et d\u00e9velopp\u00e9 rigoureusement pour que le r\u00e9sultat final soit le plus efficace possible. Observez quelques projets qui font partie Read More","og_url":"https:\/\/prismafer.pt\/moldes-2\/","og_site_name":"PRISMAFER || Moldes para Pl&aacute;sticos","article_modified_time":"2017-03-10T17:59:24+00:00","twitter_card":"summary_large_image","twitter_misc":{"Dur\u00e9e de lecture estim\u00e9e":"3 minutes"},"schema":{"@context":"https:\/\/schema.org","@graph":[{"@type":"WebPage","@id":"https:\/\/prismafer.pt\/moldes-2\/","url":"https:\/\/prismafer.pt\/moldes-2\/","name":"Moules - PRISMAFER || Moldes para Pl&aacute;sticos","isPartOf":{"@id":"https:\/\/prismafer.pt\/#website"},"datePublished":"2016-12-03T13:15:30+00:00","dateModified":"2017-03-10T17:59:24+00:00","breadcrumb":{"@id":"https:\/\/prismafer.pt\/moldes-2\/#breadcrumb"},"inLanguage":"fr-FR","potentialAction":[{"@type":"ReadAction","target":["https:\/\/prismafer.pt\/moldes-2\/"]}]},{"@type":"BreadcrumbList","@id":"https:\/\/prismafer.pt\/moldes-2\/#breadcrumb","itemListElement":[{"@type":"ListItem","position":1,"name":"In\u00edcio","item":"https:\/\/prismafer.pt\/"},{"@type":"ListItem","position":2,"name":"Moldes"}]},{"@type":"WebSite","@id":"https:\/\/prismafer.pt\/#website","url":"https:\/\/prismafer.pt\/","name":"PRISMAFER || Moldes para Pl&aacute;sticos","description":"forbrand","publisher":{"@id":"https:\/\/prismafer.pt\/#organization"},"potentialAction":[{"@type":"SearchAction","target":{"@type":"EntryPoint","urlTemplate":"https:\/\/prismafer.pt\/?s={search_term_string}"},"query-input":{"@type":"PropertyValueSpecification","valueRequired":true,"valueName":"search_term_string"}}],"inLanguage":"fr-FR"},{"@type":"Organization","@id":"https:\/\/prismafer.pt\/#organization","name":"Prismafer","url":"https:\/\/prismafer.pt\/","logo":{"@type":"ImageObject","inLanguage":"fr-FR","@id":"https:\/\/prismafer.pt\/#\/schema\/logo\/image\/","url":"https:\/\/prismafer.pt\/wp-content\/uploads\/2016\/11\/prismafer.jpg","contentUrl":"https:\/\/prismafer.pt\/wp-content\/uploads\/2016\/11\/prismafer.jpg","width":300,"height":100,"caption":"Prismafer"},"image":{"@id":"https:\/\/prismafer.pt\/#\/schema\/logo\/image\/"}}]}},"_links":{"self":[{"href":"https:\/\/prismafer.pt\/fr\/wp-json\/wp\/v2\/pages\/409","targetHints":{"allow":["GET"]}}],"collection":[{"href":"https:\/\/prismafer.pt\/fr\/wp-json\/wp\/v2\/pages"}],"about":[{"href":"https:\/\/prismafer.pt\/fr\/wp-json\/wp\/v2\/types\/page"}],"author":[{"embeddable":true,"href":"https:\/\/prismafer.pt\/fr\/wp-json\/wp\/v2\/users\/1"}],"replies":[{"embeddable":true,"href":"https:\/\/prismafer.pt\/fr\/wp-json\/wp\/v2\/comments?post=409"}],"version-history":[{"count":12,"href":"https:\/\/prismafer.pt\/fr\/wp-json\/wp\/v2\/pages\/409\/revisions"}],"predecessor-version":[{"id":1330,"href":"https:\/\/prismafer.pt\/fr\/wp-json\/wp\/v2\/pages\/409\/revisions\/1330"}],"wp:attachment":[{"href":"https:\/\/prismafer.pt\/fr\/wp-json\/wp\/v2\/media?parent=409"}],"curies":[{"name":"wp","href":"https:\/\/api.w.org\/{rel}","templated":true}]}}