{"id":385,"date":"2016-12-03T12:41:24","date_gmt":"2016-12-03T12:41:24","guid":{"rendered":"http:\/\/www.prismafer.pt\/?page_id=385"},"modified":"2017-02-01T21:58:40","modified_gmt":"2017-02-01T21:58:40","slug":"equipa","status":"publish","type":"page","link":"https:\/\/prismafer.pt\/fr\/equipa\/","title":{"rendered":"Equipe"},"content":{"rendered":"<p><\/p>\n<h2 style=\"text-align: center;\">&nbsp;<\/h2>\n<p><img loading=\"lazy\" decoding=\"async\" class=\" wp-image-501 alignright\" src=\"https:\/\/prismafer.pt\/wp-content\/uploads\/2016\/12\/anigif.gif\" alt=\"anigif\" width=\"465\" height=\"200\">L\u2019\u00e9quipe de PRISMAFER est dirig\u00e9e par l\u2019associ\u00e9-g\u00e9rant Vitor Vidal, dont le parcours professionnel d\u00e9marr\u00e9 il y a plus de 25 ans dans l\u2019une des plus grandes entreprises mondiales du secteur, a apport\u00e9 une vaste connaissance et un excellent know-how, en permettant ainsi d\u2019offrir \u00e0 ses clients et \u00e0 d\u2019autres partenaires une vaste gamme de solutions et de services pour l\u2019industrie des moules pour injection plastique.<br \/>\nActuellement, ayant une \u00e9quipe de ressources humaines technique, multidisciplinaire, avec une vaste exp\u00e9rience de travail dans le secteur industriel des Moules Techniques, distribu\u00e9e entre les divers postes de travail, PRISMAFER assure internement l\u2019ex\u00e9cution compl\u00e8te et rigoureuse de tous les travaux adjudiqu\u00e9s, en respectant les d\u00e9lais et les demandes \u00e9tablis. L\u2019objectif de l\u2019entreprise est la satisfaction de ses clients, en les rendant loyaux et en apportant des b\u00e9n\u00e9fices pour les deux parties.<\/p>\n<p style=\"text-align: center;\">&nbsp;<\/p>\n<p><\/p>","protected":false},"excerpt":{"rendered":"<p>&nbsp; L\u2019\u00e9quipe de PRISMAFER est dirig\u00e9e par l\u2019associ\u00e9-g\u00e9rant Vitor Vidal, dont le parcours professionnel d\u00e9marr\u00e9 il y a plus de 25 ans dans l\u2019une des plus grandes entreprises mondiales du secteur, a apport\u00e9 une vaste connaissance et un excellent know-how, en permettant ainsi d\u2019offrir \u00e0 ses clients et \u00e0 d\u2019autres partenaires une vaste gamme de <a class=\"read-more\" href=\"https:\/\/prismafer.pt\/fr\/equipa\/\">Read More<\/a><\/p>\n","protected":false},"author":1,"featured_media":0,"parent":0,"menu_order":0,"comment_status":"closed","ping_status":"closed","template":"template-full-width.php","meta":{"ngg_post_thumbnail":0,"footnotes":""},"class_list":["post-385","page","type-page","status-publish","hentry"],"yoast_head":"<!-- This site is optimized with the Yoast SEO plugin v26.8 - https:\/\/yoast.com\/product\/yoast-seo-wordpress\/ -->\n<title>Equipe - PRISMAFER || Moldes para Pl&aacute;sticos<\/title>\n<meta name=\"robots\" content=\"index, follow, max-snippet:-1, max-image-preview:large, max-video-preview:-1\" \/>\n<link rel=\"canonical\" href=\"https:\/\/prismafer.pt\/equipa\/\" \/>\n<meta property=\"og:locale\" content=\"fr_FR\" \/>\n<meta property=\"og:type\" content=\"article\" \/>\n<meta property=\"og:title\" content=\"Equipe - PRISMAFER || Moldes para Pl&aacute;sticos\" \/>\n<meta property=\"og:description\" content=\"&nbsp; L\u2019\u00e9quipe de PRISMAFER est dirig\u00e9e par l\u2019associ\u00e9-g\u00e9rant Vitor Vidal, dont le parcours professionnel d\u00e9marr\u00e9 il y a plus de 25 ans dans l\u2019une des plus grandes entreprises mondiales du secteur, a apport\u00e9 une vaste connaissance et un excellent know-how, en permettant ainsi d\u2019offrir \u00e0 ses clients et \u00e0 d\u2019autres partenaires une vaste gamme de Read More\" \/>\n<meta property=\"og:url\" content=\"https:\/\/prismafer.pt\/equipa\/\" \/>\n<meta property=\"og:site_name\" content=\"PRISMAFER || Moldes para Pl&aacute;sticos\" \/>\n<meta property=\"article:modified_time\" content=\"2017-02-01T21:58:40+00:00\" \/>\n<meta property=\"og:image\" content=\"https:\/\/prismafer.pt\/wp-content\/uploads\/2016\/12\/anigif.gif\" \/>\n<meta name=\"twitter:card\" content=\"summary_large_image\" \/>\n<meta name=\"twitter:label1\" content=\"Dur\u00e9e de lecture estim\u00e9e\" \/>\n\t<meta name=\"twitter:data1\" content=\"3 minutes\" \/>\n<script type=\"application\/ld+json\" class=\"yoast-schema-graph\">{\"@context\":\"https:\/\/schema.org\",\"@graph\":[{\"@type\":\"WebPage\",\"@id\":\"https:\/\/prismafer.pt\/equipa\/\",\"url\":\"https:\/\/prismafer.pt\/equipa\/\",\"name\":\"Equipe - PRISMAFER || Moldes para Pl&aacute;sticos\",\"isPartOf\":{\"@id\":\"https:\/\/prismafer.pt\/#website\"},\"primaryImageOfPage\":{\"@id\":\"https:\/\/prismafer.pt\/equipa\/#primaryimage\"},\"image\":{\"@id\":\"https:\/\/prismafer.pt\/equipa\/#primaryimage\"},\"thumbnailUrl\":\"https:\/\/prismafer.pt\/wp-content\/uploads\/2016\/12\/anigif.gif\",\"datePublished\":\"2016-12-03T12:41:24+00:00\",\"dateModified\":\"2017-02-01T21:58:40+00:00\",\"breadcrumb\":{\"@id\":\"https:\/\/prismafer.pt\/equipa\/#breadcrumb\"},\"inLanguage\":\"fr-FR\",\"potentialAction\":[{\"@type\":\"ReadAction\",\"target\":[\"https:\/\/prismafer.pt\/equipa\/\"]}]},{\"@type\":\"ImageObject\",\"inLanguage\":\"fr-FR\",\"@id\":\"https:\/\/prismafer.pt\/equipa\/#primaryimage\",\"url\":\"https:\/\/prismafer.pt\/wp-content\/uploads\/2016\/12\/anigif.gif\",\"contentUrl\":\"https:\/\/prismafer.pt\/wp-content\/uploads\/2016\/12\/anigif.gif\"},{\"@type\":\"BreadcrumbList\",\"@id\":\"https:\/\/prismafer.pt\/equipa\/#breadcrumb\",\"itemListElement\":[{\"@type\":\"ListItem\",\"position\":1,\"name\":\"In\u00edcio\",\"item\":\"https:\/\/prismafer.pt\/\"},{\"@type\":\"ListItem\",\"position\":2,\"name\":\"Equipa\"}]},{\"@type\":\"WebSite\",\"@id\":\"https:\/\/prismafer.pt\/#website\",\"url\":\"https:\/\/prismafer.pt\/\",\"name\":\"PRISMAFER || Moldes para Pl&aacute;sticos\",\"description\":\"forbrand\",\"publisher\":{\"@id\":\"https:\/\/prismafer.pt\/#organization\"},\"potentialAction\":[{\"@type\":\"SearchAction\",\"target\":{\"@type\":\"EntryPoint\",\"urlTemplate\":\"https:\/\/prismafer.pt\/?s={search_term_string}\"},\"query-input\":{\"@type\":\"PropertyValueSpecification\",\"valueRequired\":true,\"valueName\":\"search_term_string\"}}],\"inLanguage\":\"fr-FR\"},{\"@type\":\"Organization\",\"@id\":\"https:\/\/prismafer.pt\/#organization\",\"name\":\"Prismafer\",\"url\":\"https:\/\/prismafer.pt\/\",\"logo\":{\"@type\":\"ImageObject\",\"inLanguage\":\"fr-FR\",\"@id\":\"https:\/\/prismafer.pt\/#\/schema\/logo\/image\/\",\"url\":\"https:\/\/prismafer.pt\/wp-content\/uploads\/2016\/11\/prismafer.jpg\",\"contentUrl\":\"https:\/\/prismafer.pt\/wp-content\/uploads\/2016\/11\/prismafer.jpg\",\"width\":300,\"height\":100,\"caption\":\"Prismafer\"},\"image\":{\"@id\":\"https:\/\/prismafer.pt\/#\/schema\/logo\/image\/\"}}]}<\/script>\n<!-- \/ Yoast SEO plugin. -->","yoast_head_json":{"title":"Equipe - PRISMAFER || Moldes para Pl&aacute;sticos","robots":{"index":"index","follow":"follow","max-snippet":"max-snippet:-1","max-image-preview":"max-image-preview:large","max-video-preview":"max-video-preview:-1"},"canonical":"https:\/\/prismafer.pt\/equipa\/","og_locale":"fr_FR","og_type":"article","og_title":"Equipe - PRISMAFER || Moldes para Pl&aacute;sticos","og_description":"&nbsp; L\u2019\u00e9quipe de PRISMAFER est dirig\u00e9e par l\u2019associ\u00e9-g\u00e9rant Vitor Vidal, dont le parcours professionnel d\u00e9marr\u00e9 il y a plus de 25 ans dans l\u2019une des plus grandes entreprises mondiales du secteur, a apport\u00e9 une vaste connaissance et un excellent know-how, en permettant ainsi d\u2019offrir \u00e0 ses clients et \u00e0 d\u2019autres partenaires une vaste gamme de Read More","og_url":"https:\/\/prismafer.pt\/equipa\/","og_site_name":"PRISMAFER || Moldes para Pl&aacute;sticos","article_modified_time":"2017-02-01T21:58:40+00:00","og_image":[{"url":"https:\/\/prismafer.pt\/wp-content\/uploads\/2016\/12\/anigif.gif","type":"","width":"","height":""}],"twitter_card":"summary_large_image","twitter_misc":{"Dur\u00e9e de lecture estim\u00e9e":"3 minutes"},"schema":{"@context":"https:\/\/schema.org","@graph":[{"@type":"WebPage","@id":"https:\/\/prismafer.pt\/equipa\/","url":"https:\/\/prismafer.pt\/equipa\/","name":"Equipe - PRISMAFER || Moldes para Pl&aacute;sticos","isPartOf":{"@id":"https:\/\/prismafer.pt\/#website"},"primaryImageOfPage":{"@id":"https:\/\/prismafer.pt\/equipa\/#primaryimage"},"image":{"@id":"https:\/\/prismafer.pt\/equipa\/#primaryimage"},"thumbnailUrl":"https:\/\/prismafer.pt\/wp-content\/uploads\/2016\/12\/anigif.gif","datePublished":"2016-12-03T12:41:24+00:00","dateModified":"2017-02-01T21:58:40+00:00","breadcrumb":{"@id":"https:\/\/prismafer.pt\/equipa\/#breadcrumb"},"inLanguage":"fr-FR","potentialAction":[{"@type":"ReadAction","target":["https:\/\/prismafer.pt\/equipa\/"]}]},{"@type":"ImageObject","inLanguage":"fr-FR","@id":"https:\/\/prismafer.pt\/equipa\/#primaryimage","url":"https:\/\/prismafer.pt\/wp-content\/uploads\/2016\/12\/anigif.gif","contentUrl":"https:\/\/prismafer.pt\/wp-content\/uploads\/2016\/12\/anigif.gif"},{"@type":"BreadcrumbList","@id":"https:\/\/prismafer.pt\/equipa\/#breadcrumb","itemListElement":[{"@type":"ListItem","position":1,"name":"In\u00edcio","item":"https:\/\/prismafer.pt\/"},{"@type":"ListItem","position":2,"name":"Equipa"}]},{"@type":"WebSite","@id":"https:\/\/prismafer.pt\/#website","url":"https:\/\/prismafer.pt\/","name":"PRISMAFER || Moldes para Pl&aacute;sticos","description":"forbrand","publisher":{"@id":"https:\/\/prismafer.pt\/#organization"},"potentialAction":[{"@type":"SearchAction","target":{"@type":"EntryPoint","urlTemplate":"https:\/\/prismafer.pt\/?s={search_term_string}"},"query-input":{"@type":"PropertyValueSpecification","valueRequired":true,"valueName":"search_term_string"}}],"inLanguage":"fr-FR"},{"@type":"Organization","@id":"https:\/\/prismafer.pt\/#organization","name":"Prismafer","url":"https:\/\/prismafer.pt\/","logo":{"@type":"ImageObject","inLanguage":"fr-FR","@id":"https:\/\/prismafer.pt\/#\/schema\/logo\/image\/","url":"https:\/\/prismafer.pt\/wp-content\/uploads\/2016\/11\/prismafer.jpg","contentUrl":"https:\/\/prismafer.pt\/wp-content\/uploads\/2016\/11\/prismafer.jpg","width":300,"height":100,"caption":"Prismafer"},"image":{"@id":"https:\/\/prismafer.pt\/#\/schema\/logo\/image\/"}}]}},"_links":{"self":[{"href":"https:\/\/prismafer.pt\/fr\/wp-json\/wp\/v2\/pages\/385","targetHints":{"allow":["GET"]}}],"collection":[{"href":"https:\/\/prismafer.pt\/fr\/wp-json\/wp\/v2\/pages"}],"about":[{"href":"https:\/\/prismafer.pt\/fr\/wp-json\/wp\/v2\/types\/page"}],"author":[{"embeddable":true,"href":"https:\/\/prismafer.pt\/fr\/wp-json\/wp\/v2\/users\/1"}],"replies":[{"embeddable":true,"href":"https:\/\/prismafer.pt\/fr\/wp-json\/wp\/v2\/comments?post=385"}],"version-history":[{"count":14,"href":"https:\/\/prismafer.pt\/fr\/wp-json\/wp\/v2\/pages\/385\/revisions"}],"predecessor-version":[{"id":1258,"href":"https:\/\/prismafer.pt\/fr\/wp-json\/wp\/v2\/pages\/385\/revisions\/1258"}],"wp:attachment":[{"href":"https:\/\/prismafer.pt\/fr\/wp-json\/wp\/v2\/media?parent=385"}],"curies":[{"name":"wp","href":"https:\/\/api.w.org\/{rel}","templated":true}]}}