{"id":383,"date":"2016-12-03T12:40:34","date_gmt":"2016-12-03T12:40:34","guid":{"rendered":"http:\/\/www.prismafer.pt\/?page_id=383"},"modified":"2017-02-01T21:58:20","modified_gmt":"2017-02-01T21:58:20","slug":"localizacao","status":"publish","type":"page","link":"https:\/\/prismafer.pt\/fr\/localizacao\/","title":{"rendered":"Emplacement"},"content":{"rendered":"<p><\/p>\n<h2 style=\"text-align: center;\">&nbsp;<\/h2>\n<p style=\"text-align: center;\">B\u00e9n\u00e9ficiant d\u2019un excellent emplacement g\u00e9ographique, PRISMAFER a son si\u00e8ge dans la Zona Industrial de Albergaria-a-Velha (Zone Industrielle de Albergaria-a-velha), en \u00e9tant tr\u00e8s proche des principales routes d\u2019acc\u00e8s terrrestre comme la E.N. 1, A1, A25 et A29.<\/p>\n<p style=\"text-align: center;\"><iframe loading=\"lazy\" src=\"https:\/\/www.google.com\/maps\/embed?pb=!1m14!1m8!1m3!1d12096.937684930675!2d-8.484576096295173!3d40.71285569395543!3m2!1i1024!2i768!4f13.1!3m3!1m2!1s0x0%3A0x97e2de643c92ada6!2sPrismafer%2C+Lda.!5e0!3m2!1spt-BR!2spt!4v1478187825979\" width=\"1000\" height=\"400\" frameborder=\"0\" allowfullscreen=\"allowfullscreen\"><\/iframe><\/p>\n<p><\/p>","protected":false},"excerpt":{"rendered":"<p>&nbsp; B\u00e9n\u00e9ficiant d\u2019un excellent emplacement g\u00e9ographique, PRISMAFER a son si\u00e8ge dans la Zona Industrial de Albergaria-a-Velha (Zone Industrielle de Albergaria-a-velha), en \u00e9tant tr\u00e8s proche des principales routes d\u2019acc\u00e8s terrrestre comme la E.N. 1, A1, A25 et A29.<\/p>\n","protected":false},"author":1,"featured_media":0,"parent":0,"menu_order":0,"comment_status":"closed","ping_status":"closed","template":"template-full-width.php","meta":{"ngg_post_thumbnail":0,"footnotes":""},"class_list":["post-383","page","type-page","status-publish","hentry"],"yoast_head":"<!-- This site is optimized with the Yoast SEO plugin v26.8 - https:\/\/yoast.com\/product\/yoast-seo-wordpress\/ -->\n<title>Emplacement - PRISMAFER || Moldes para Pl&aacute;sticos<\/title>\n<meta name=\"robots\" content=\"index, follow, max-snippet:-1, max-image-preview:large, max-video-preview:-1\" \/>\n<link rel=\"canonical\" href=\"https:\/\/prismafer.pt\/en\/localizacao\/\" \/>\n<meta property=\"og:locale\" content=\"fr_FR\" \/>\n<meta property=\"og:type\" content=\"article\" \/>\n<meta property=\"og:title\" content=\"Emplacement - PRISMAFER || Moldes para Pl&aacute;sticos\" \/>\n<meta property=\"og:description\" content=\"&nbsp; B\u00e9n\u00e9ficiant d\u2019un excellent emplacement g\u00e9ographique, PRISMAFER a son si\u00e8ge dans la Zona Industrial de Albergaria-a-Velha (Zone Industrielle de Albergaria-a-velha), en \u00e9tant tr\u00e8s proche des principales routes d\u2019acc\u00e8s terrrestre comme la E.N. 1, A1, A25 et A29.\" \/>\n<meta property=\"og:url\" content=\"https:\/\/prismafer.pt\/en\/localizacao\/\" \/>\n<meta property=\"og:site_name\" content=\"PRISMAFER || Moldes para Pl&aacute;sticos\" \/>\n<meta property=\"article:modified_time\" content=\"2017-02-01T21:58:20+00:00\" \/>\n<meta name=\"twitter:card\" content=\"summary_large_image\" \/>\n<meta name=\"twitter:label1\" content=\"Dur\u00e9e de lecture estim\u00e9e\" \/>\n\t<meta name=\"twitter:data1\" content=\"1 minute\" \/>\n<script type=\"application\/ld+json\" class=\"yoast-schema-graph\">{\"@context\":\"https:\/\/schema.org\",\"@graph\":[{\"@type\":\"WebPage\",\"@id\":\"https:\/\/prismafer.pt\/en\/localizacao\/\",\"url\":\"https:\/\/prismafer.pt\/en\/localizacao\/\",\"name\":\"Emplacement - PRISMAFER || Moldes para Pl&aacute;sticos\",\"isPartOf\":{\"@id\":\"https:\/\/prismafer.pt\/#website\"},\"datePublished\":\"2016-12-03T12:40:34+00:00\",\"dateModified\":\"2017-02-01T21:58:20+00:00\",\"breadcrumb\":{\"@id\":\"https:\/\/prismafer.pt\/en\/localizacao\/#breadcrumb\"},\"inLanguage\":\"fr-FR\",\"potentialAction\":[{\"@type\":\"ReadAction\",\"target\":[\"https:\/\/prismafer.pt\/en\/localizacao\/\"]}]},{\"@type\":\"BreadcrumbList\",\"@id\":\"https:\/\/prismafer.pt\/en\/localizacao\/#breadcrumb\",\"itemListElement\":[{\"@type\":\"ListItem\",\"position\":1,\"name\":\"In\u00edcio\",\"item\":\"https:\/\/prismafer.pt\/\"},{\"@type\":\"ListItem\",\"position\":2,\"name\":\"Location\"}]},{\"@type\":\"WebSite\",\"@id\":\"https:\/\/prismafer.pt\/#website\",\"url\":\"https:\/\/prismafer.pt\/\",\"name\":\"PRISMAFER || Moldes para Pl&aacute;sticos\",\"description\":\"forbrand\",\"publisher\":{\"@id\":\"https:\/\/prismafer.pt\/#organization\"},\"potentialAction\":[{\"@type\":\"SearchAction\",\"target\":{\"@type\":\"EntryPoint\",\"urlTemplate\":\"https:\/\/prismafer.pt\/?s={search_term_string}\"},\"query-input\":{\"@type\":\"PropertyValueSpecification\",\"valueRequired\":true,\"valueName\":\"search_term_string\"}}],\"inLanguage\":\"fr-FR\"},{\"@type\":\"Organization\",\"@id\":\"https:\/\/prismafer.pt\/#organization\",\"name\":\"Prismafer\",\"url\":\"https:\/\/prismafer.pt\/\",\"logo\":{\"@type\":\"ImageObject\",\"inLanguage\":\"fr-FR\",\"@id\":\"https:\/\/prismafer.pt\/#\/schema\/logo\/image\/\",\"url\":\"https:\/\/prismafer.pt\/wp-content\/uploads\/2016\/11\/prismafer.jpg\",\"contentUrl\":\"https:\/\/prismafer.pt\/wp-content\/uploads\/2016\/11\/prismafer.jpg\",\"width\":300,\"height\":100,\"caption\":\"Prismafer\"},\"image\":{\"@id\":\"https:\/\/prismafer.pt\/#\/schema\/logo\/image\/\"}}]}<\/script>\n<!-- \/ Yoast SEO plugin. -->","yoast_head_json":{"title":"Emplacement - PRISMAFER || Moldes para Pl&aacute;sticos","robots":{"index":"index","follow":"follow","max-snippet":"max-snippet:-1","max-image-preview":"max-image-preview:large","max-video-preview":"max-video-preview:-1"},"canonical":"https:\/\/prismafer.pt\/en\/localizacao\/","og_locale":"fr_FR","og_type":"article","og_title":"Emplacement - PRISMAFER || Moldes para Pl&aacute;sticos","og_description":"&nbsp; B\u00e9n\u00e9ficiant d\u2019un excellent emplacement g\u00e9ographique, PRISMAFER a son si\u00e8ge dans la Zona Industrial de Albergaria-a-Velha (Zone Industrielle de Albergaria-a-velha), en \u00e9tant tr\u00e8s proche des principales routes d\u2019acc\u00e8s terrrestre comme la E.N. 1, A1, A25 et A29.","og_url":"https:\/\/prismafer.pt\/en\/localizacao\/","og_site_name":"PRISMAFER || Moldes para Pl&aacute;sticos","article_modified_time":"2017-02-01T21:58:20+00:00","twitter_card":"summary_large_image","twitter_misc":{"Dur\u00e9e de lecture estim\u00e9e":"1 minute"},"schema":{"@context":"https:\/\/schema.org","@graph":[{"@type":"WebPage","@id":"https:\/\/prismafer.pt\/en\/localizacao\/","url":"https:\/\/prismafer.pt\/en\/localizacao\/","name":"Emplacement - PRISMAFER || Moldes para Pl&aacute;sticos","isPartOf":{"@id":"https:\/\/prismafer.pt\/#website"},"datePublished":"2016-12-03T12:40:34+00:00","dateModified":"2017-02-01T21:58:20+00:00","breadcrumb":{"@id":"https:\/\/prismafer.pt\/en\/localizacao\/#breadcrumb"},"inLanguage":"fr-FR","potentialAction":[{"@type":"ReadAction","target":["https:\/\/prismafer.pt\/en\/localizacao\/"]}]},{"@type":"BreadcrumbList","@id":"https:\/\/prismafer.pt\/en\/localizacao\/#breadcrumb","itemListElement":[{"@type":"ListItem","position":1,"name":"In\u00edcio","item":"https:\/\/prismafer.pt\/"},{"@type":"ListItem","position":2,"name":"Location"}]},{"@type":"WebSite","@id":"https:\/\/prismafer.pt\/#website","url":"https:\/\/prismafer.pt\/","name":"PRISMAFER || Moldes para Pl&aacute;sticos","description":"forbrand","publisher":{"@id":"https:\/\/prismafer.pt\/#organization"},"potentialAction":[{"@type":"SearchAction","target":{"@type":"EntryPoint","urlTemplate":"https:\/\/prismafer.pt\/?s={search_term_string}"},"query-input":{"@type":"PropertyValueSpecification","valueRequired":true,"valueName":"search_term_string"}}],"inLanguage":"fr-FR"},{"@type":"Organization","@id":"https:\/\/prismafer.pt\/#organization","name":"Prismafer","url":"https:\/\/prismafer.pt\/","logo":{"@type":"ImageObject","inLanguage":"fr-FR","@id":"https:\/\/prismafer.pt\/#\/schema\/logo\/image\/","url":"https:\/\/prismafer.pt\/wp-content\/uploads\/2016\/11\/prismafer.jpg","contentUrl":"https:\/\/prismafer.pt\/wp-content\/uploads\/2016\/11\/prismafer.jpg","width":300,"height":100,"caption":"Prismafer"},"image":{"@id":"https:\/\/prismafer.pt\/#\/schema\/logo\/image\/"}}]}},"_links":{"self":[{"href":"https:\/\/prismafer.pt\/fr\/wp-json\/wp\/v2\/pages\/383","targetHints":{"allow":["GET"]}}],"collection":[{"href":"https:\/\/prismafer.pt\/fr\/wp-json\/wp\/v2\/pages"}],"about":[{"href":"https:\/\/prismafer.pt\/fr\/wp-json\/wp\/v2\/types\/page"}],"author":[{"embeddable":true,"href":"https:\/\/prismafer.pt\/fr\/wp-json\/wp\/v2\/users\/1"}],"replies":[{"embeddable":true,"href":"https:\/\/prismafer.pt\/fr\/wp-json\/wp\/v2\/comments?post=383"}],"version-history":[{"count":8,"href":"https:\/\/prismafer.pt\/fr\/wp-json\/wp\/v2\/pages\/383\/revisions"}],"predecessor-version":[{"id":1257,"href":"https:\/\/prismafer.pt\/fr\/wp-json\/wp\/v2\/pages\/383\/revisions\/1257"}],"wp:attachment":[{"href":"https:\/\/prismafer.pt\/fr\/wp-json\/wp\/v2\/media?parent=383"}],"curies":[{"name":"wp","href":"https:\/\/api.w.org\/{rel}","templated":true}]}}