{"id":380,"date":"2016-12-03T12:38:44","date_gmt":"2016-12-03T12:38:44","guid":{"rendered":"http:\/\/www.prismafer.pt\/?page_id=380"},"modified":"2017-02-03T13:00:06","modified_gmt":"2017-02-03T13:00:06","slug":"quem-somos","status":"publish","type":"page","link":"https:\/\/prismafer.pt\/fr\/quem-somos\/","title":{"rendered":"Qui sommes-nous"},"content":{"rendered":"<p><img loading=\"lazy\" decoding=\"async\" class=\"size-full wp-image-492 alignright\" src=\"https:\/\/prismafer.pt\/wp-content\/uploads\/2016\/12\/quem.jpg\" alt=\"quem\" width=\"568\" height=\"364\" srcset=\"https:\/\/prismafer.pt\/wp-content\/uploads\/2016\/12\/quem.jpg 568w, https:\/\/prismafer.pt\/wp-content\/uploads\/2016\/12\/quem-300x192.jpg 300w\" sizes=\"auto, (max-width: 568px) 100vw, 568px\" \/><\/p>\n<p>PRISMAFER est une entreprise sp\u00e9cialis\u00e9e dans la fabrication de moules, elle a \u00e9t\u00e9 constitu\u00e9e au d\u00e9but de 2007, comme r\u00e9sultat d\u2019un projet personnel de l\u2019un de ses membres fondateurs qui, gr\u00e2ce \u00e0 son r\u00eave de longue date et \u00e0 son entrepreneuriat,&nbsp; a d\u00e9cid\u00e9 de donner vie \u00e0 une entreprise destin\u00e9e \u00e0 servir les int\u00e9r\u00eats d\u2019un march\u00e9 tr\u00e8s exigent, l\u2019industrie des Moules Techniques pour l\u2019Injection de Plastique.<\/p>\n<p>Centr\u00e9e sur la rigueur et la qualit\u00e9 de ses produits et des services pr\u00eat\u00e9s, ainsi que sur l\u2019investissement constant dans des ressources techniques et technologiques, PRISMAFER accompagne tous les progr\u00e8s industriels, ayant pour objectif l\u2019am\u00e9lioration constante et la possible simplification de la production et du d\u00e9veloppement de chaque projet, se rendant ainsi plus actuelle et comp\u00e9titive et garantissant que les exigences des clients sont satisfaites&#8230;le client obtient ce qu\u2019il pr\u00e9tend, comme il le pr\u00e9tend et quand il le veut, la devise est&nbsp;: \u00ab&nbsp;Comprendre pour servir&#8230;servir pour fid\u00e9liser&#8230;fid\u00e9liser pour grandir&nbsp;!&nbsp;\u00bb<\/p>\n<p style=\"text-align: center;\"><em>\u201cLa meilleure publicit\u00e9 est faite par des clients satisfaits.\u201d<\/em><br \/>\nPhilip Kotler<\/p>\n<p><\/p>","protected":false},"excerpt":{"rendered":"<p>PRISMAFER est une entreprise sp\u00e9cialis\u00e9e dans la fabrication de moules, elle a \u00e9t\u00e9 constitu\u00e9e au d\u00e9but de 2007, comme r\u00e9sultat d\u2019un projet personnel de l\u2019un de ses membres fondateurs qui, gr\u00e2ce \u00e0 son r\u00eave de longue date et \u00e0 son entrepreneuriat,&nbsp; a d\u00e9cid\u00e9 de donner vie \u00e0 une entreprise destin\u00e9e \u00e0 servir les int\u00e9r\u00eats d\u2019un <a class=\"read-more\" href=\"https:\/\/prismafer.pt\/fr\/quem-somos\/\">Read More<\/a><\/p>\n","protected":false},"author":1,"featured_media":0,"parent":0,"menu_order":0,"comment_status":"closed","ping_status":"closed","template":"template-full-width.php","meta":{"ngg_post_thumbnail":0,"footnotes":""},"class_list":["post-380","page","type-page","status-publish","hentry"],"yoast_head":"<!-- This site is optimized with the Yoast SEO plugin v26.8 - https:\/\/yoast.com\/product\/yoast-seo-wordpress\/ -->\n<title>Qui sommes-nous - PRISMAFER || Moldes para Pl&aacute;sticos<\/title>\n<meta name=\"robots\" content=\"index, follow, max-snippet:-1, max-image-preview:large, max-video-preview:-1\" \/>\n<link rel=\"canonical\" href=\"https:\/\/prismafer.pt\/fr\/quem-somos\/\" \/>\n<meta property=\"og:locale\" content=\"fr_FR\" \/>\n<meta property=\"og:type\" content=\"article\" \/>\n<meta property=\"og:title\" content=\"Qui sommes-nous - PRISMAFER || Moldes para Pl&aacute;sticos\" \/>\n<meta property=\"og:description\" content=\"PRISMAFER est une entreprise sp\u00e9cialis\u00e9e dans la fabrication de moules, elle a \u00e9t\u00e9 constitu\u00e9e au d\u00e9but de 2007, comme r\u00e9sultat d\u2019un projet personnel de l\u2019un de ses membres fondateurs qui, gr\u00e2ce \u00e0 son r\u00eave de longue date et \u00e0 son entrepreneuriat,&nbsp; a d\u00e9cid\u00e9 de donner vie \u00e0 une entreprise destin\u00e9e \u00e0 servir les int\u00e9r\u00eats d\u2019un Read More\" \/>\n<meta property=\"og:url\" content=\"https:\/\/prismafer.pt\/fr\/quem-somos\/\" \/>\n<meta property=\"og:site_name\" content=\"PRISMAFER || Moldes para Pl&aacute;sticos\" \/>\n<meta property=\"article:modified_time\" content=\"2017-02-03T13:00:06+00:00\" \/>\n<meta property=\"og:image\" content=\"https:\/\/prismafer.pt\/wp-content\/uploads\/2016\/12\/quem.jpg\" \/>\n<meta name=\"twitter:card\" content=\"summary_large_image\" \/>\n<meta name=\"twitter:label1\" content=\"Dur\u00e9e de lecture estim\u00e9e\" \/>\n\t<meta name=\"twitter:data1\" content=\"5 minutes\" \/>\n<script type=\"application\/ld+json\" class=\"yoast-schema-graph\">{\"@context\":\"https:\/\/schema.org\",\"@graph\":[{\"@type\":\"WebPage\",\"@id\":\"https:\/\/prismafer.pt\/fr\/quem-somos\/\",\"url\":\"https:\/\/prismafer.pt\/fr\/quem-somos\/\",\"name\":\"Qui sommes-nous - PRISMAFER || Moldes para Pl&aacute;sticos\",\"isPartOf\":{\"@id\":\"https:\/\/prismafer.pt\/#website\"},\"primaryImageOfPage\":{\"@id\":\"https:\/\/prismafer.pt\/fr\/quem-somos\/#primaryimage\"},\"image\":{\"@id\":\"https:\/\/prismafer.pt\/fr\/quem-somos\/#primaryimage\"},\"thumbnailUrl\":\"https:\/\/prismafer.pt\/wp-content\/uploads\/2016\/12\/quem.jpg\",\"datePublished\":\"2016-12-03T12:38:44+00:00\",\"dateModified\":\"2017-02-03T13:00:06+00:00\",\"breadcrumb\":{\"@id\":\"https:\/\/prismafer.pt\/fr\/quem-somos\/#breadcrumb\"},\"inLanguage\":\"fr-FR\",\"potentialAction\":[{\"@type\":\"ReadAction\",\"target\":[\"https:\/\/prismafer.pt\/fr\/quem-somos\/\"]}]},{\"@type\":\"ImageObject\",\"inLanguage\":\"fr-FR\",\"@id\":\"https:\/\/prismafer.pt\/fr\/quem-somos\/#primaryimage\",\"url\":\"https:\/\/prismafer.pt\/wp-content\/uploads\/2016\/12\/quem.jpg\",\"contentUrl\":\"https:\/\/prismafer.pt\/wp-content\/uploads\/2016\/12\/quem.jpg\"},{\"@type\":\"BreadcrumbList\",\"@id\":\"https:\/\/prismafer.pt\/fr\/quem-somos\/#breadcrumb\",\"itemListElement\":[{\"@type\":\"ListItem\",\"position\":1,\"name\":\"In\u00edcio\",\"item\":\"https:\/\/prismafer.pt\/\"},{\"@type\":\"ListItem\",\"position\":2,\"name\":\"Qui sommes-nous\"}]},{\"@type\":\"WebSite\",\"@id\":\"https:\/\/prismafer.pt\/#website\",\"url\":\"https:\/\/prismafer.pt\/\",\"name\":\"PRISMAFER || Moldes para Pl&aacute;sticos\",\"description\":\"forbrand\",\"publisher\":{\"@id\":\"https:\/\/prismafer.pt\/#organization\"},\"potentialAction\":[{\"@type\":\"SearchAction\",\"target\":{\"@type\":\"EntryPoint\",\"urlTemplate\":\"https:\/\/prismafer.pt\/?s={search_term_string}\"},\"query-input\":{\"@type\":\"PropertyValueSpecification\",\"valueRequired\":true,\"valueName\":\"search_term_string\"}}],\"inLanguage\":\"fr-FR\"},{\"@type\":\"Organization\",\"@id\":\"https:\/\/prismafer.pt\/#organization\",\"name\":\"Prismafer\",\"url\":\"https:\/\/prismafer.pt\/\",\"logo\":{\"@type\":\"ImageObject\",\"inLanguage\":\"fr-FR\",\"@id\":\"https:\/\/prismafer.pt\/#\/schema\/logo\/image\/\",\"url\":\"https:\/\/prismafer.pt\/wp-content\/uploads\/2016\/11\/prismafer.jpg\",\"contentUrl\":\"https:\/\/prismafer.pt\/wp-content\/uploads\/2016\/11\/prismafer.jpg\",\"width\":300,\"height\":100,\"caption\":\"Prismafer\"},\"image\":{\"@id\":\"https:\/\/prismafer.pt\/#\/schema\/logo\/image\/\"}}]}<\/script>\n<!-- \/ Yoast SEO plugin. -->","yoast_head_json":{"title":"Qui sommes-nous - PRISMAFER || Moldes para Pl&aacute;sticos","robots":{"index":"index","follow":"follow","max-snippet":"max-snippet:-1","max-image-preview":"max-image-preview:large","max-video-preview":"max-video-preview:-1"},"canonical":"https:\/\/prismafer.pt\/fr\/quem-somos\/","og_locale":"fr_FR","og_type":"article","og_title":"Qui sommes-nous - PRISMAFER || Moldes para Pl&aacute;sticos","og_description":"PRISMAFER est une entreprise sp\u00e9cialis\u00e9e dans la fabrication de moules, elle a \u00e9t\u00e9 constitu\u00e9e au d\u00e9but de 2007, comme r\u00e9sultat d\u2019un projet personnel de l\u2019un de ses membres fondateurs qui, gr\u00e2ce \u00e0 son r\u00eave de longue date et \u00e0 son entrepreneuriat,&nbsp; a d\u00e9cid\u00e9 de donner vie \u00e0 une entreprise destin\u00e9e \u00e0 servir les int\u00e9r\u00eats d\u2019un Read More","og_url":"https:\/\/prismafer.pt\/fr\/quem-somos\/","og_site_name":"PRISMAFER || Moldes para Pl&aacute;sticos","article_modified_time":"2017-02-03T13:00:06+00:00","og_image":[{"url":"https:\/\/prismafer.pt\/wp-content\/uploads\/2016\/12\/quem.jpg","type":"","width":"","height":""}],"twitter_card":"summary_large_image","twitter_misc":{"Dur\u00e9e de lecture estim\u00e9e":"5 minutes"},"schema":{"@context":"https:\/\/schema.org","@graph":[{"@type":"WebPage","@id":"https:\/\/prismafer.pt\/fr\/quem-somos\/","url":"https:\/\/prismafer.pt\/fr\/quem-somos\/","name":"Qui sommes-nous - PRISMAFER || Moldes para Pl&aacute;sticos","isPartOf":{"@id":"https:\/\/prismafer.pt\/#website"},"primaryImageOfPage":{"@id":"https:\/\/prismafer.pt\/fr\/quem-somos\/#primaryimage"},"image":{"@id":"https:\/\/prismafer.pt\/fr\/quem-somos\/#primaryimage"},"thumbnailUrl":"https:\/\/prismafer.pt\/wp-content\/uploads\/2016\/12\/quem.jpg","datePublished":"2016-12-03T12:38:44+00:00","dateModified":"2017-02-03T13:00:06+00:00","breadcrumb":{"@id":"https:\/\/prismafer.pt\/fr\/quem-somos\/#breadcrumb"},"inLanguage":"fr-FR","potentialAction":[{"@type":"ReadAction","target":["https:\/\/prismafer.pt\/fr\/quem-somos\/"]}]},{"@type":"ImageObject","inLanguage":"fr-FR","@id":"https:\/\/prismafer.pt\/fr\/quem-somos\/#primaryimage","url":"https:\/\/prismafer.pt\/wp-content\/uploads\/2016\/12\/quem.jpg","contentUrl":"https:\/\/prismafer.pt\/wp-content\/uploads\/2016\/12\/quem.jpg"},{"@type":"BreadcrumbList","@id":"https:\/\/prismafer.pt\/fr\/quem-somos\/#breadcrumb","itemListElement":[{"@type":"ListItem","position":1,"name":"In\u00edcio","item":"https:\/\/prismafer.pt\/"},{"@type":"ListItem","position":2,"name":"Qui sommes-nous"}]},{"@type":"WebSite","@id":"https:\/\/prismafer.pt\/#website","url":"https:\/\/prismafer.pt\/","name":"PRISMAFER || Moldes para Pl&aacute;sticos","description":"forbrand","publisher":{"@id":"https:\/\/prismafer.pt\/#organization"},"potentialAction":[{"@type":"SearchAction","target":{"@type":"EntryPoint","urlTemplate":"https:\/\/prismafer.pt\/?s={search_term_string}"},"query-input":{"@type":"PropertyValueSpecification","valueRequired":true,"valueName":"search_term_string"}}],"inLanguage":"fr-FR"},{"@type":"Organization","@id":"https:\/\/prismafer.pt\/#organization","name":"Prismafer","url":"https:\/\/prismafer.pt\/","logo":{"@type":"ImageObject","inLanguage":"fr-FR","@id":"https:\/\/prismafer.pt\/#\/schema\/logo\/image\/","url":"https:\/\/prismafer.pt\/wp-content\/uploads\/2016\/11\/prismafer.jpg","contentUrl":"https:\/\/prismafer.pt\/wp-content\/uploads\/2016\/11\/prismafer.jpg","width":300,"height":100,"caption":"Prismafer"},"image":{"@id":"https:\/\/prismafer.pt\/#\/schema\/logo\/image\/"}}]}},"_links":{"self":[{"href":"https:\/\/prismafer.pt\/fr\/wp-json\/wp\/v2\/pages\/380","targetHints":{"allow":["GET"]}}],"collection":[{"href":"https:\/\/prismafer.pt\/fr\/wp-json\/wp\/v2\/pages"}],"about":[{"href":"https:\/\/prismafer.pt\/fr\/wp-json\/wp\/v2\/types\/page"}],"author":[{"embeddable":true,"href":"https:\/\/prismafer.pt\/fr\/wp-json\/wp\/v2\/users\/1"}],"replies":[{"embeddable":true,"href":"https:\/\/prismafer.pt\/fr\/wp-json\/wp\/v2\/comments?post=380"}],"version-history":[{"count":18,"href":"https:\/\/prismafer.pt\/fr\/wp-json\/wp\/v2\/pages\/380\/revisions"}],"predecessor-version":[{"id":1273,"href":"https:\/\/prismafer.pt\/fr\/wp-json\/wp\/v2\/pages\/380\/revisions\/1273"}],"wp:attachment":[{"href":"https:\/\/prismafer.pt\/fr\/wp-json\/wp\/v2\/media?parent=380"}],"curies":[{"name":"wp","href":"https:\/\/api.w.org\/{rel}","templated":true}]}}