{"id":408,"date":"2016-12-03T13:15:09","date_gmt":"2016-12-03T13:15:09","guid":{"rendered":"http:\/\/www.prismafer.pt\/?page_id=408"},"modified":"2017-02-01T21:59:03","modified_gmt":"2017-02-01T21:59:03","slug":"producao-2","status":"publish","type":"page","link":"https:\/\/prismafer.pt\/es\/producao-2\/","title":{"rendered":"Producci\u00f3n"},"content":{"rendered":"<p><img loading=\"lazy\" decoding=\"async\" class=\"wp-image-556 alignright\" src=\"https:\/\/prismafer.pt\/wp-content\/uploads\/2016\/12\/PRODU\u00c7\u00c3O-gif1.gif\" alt=\"gif\" width=\"443\" height=\"283\">PRISMAFER reconoce que la inversi\u00f3n en tecnolog\u00eda y equipos es una pieza fundamental para que junto con el&nbsp; know-how y la mano de obra calificada y especializada, todos los proyectos que ejecute se traduzcan en un \u00e9xito asegurado.<\/p>\n<p>Para lograr tal fin, a lo largo de los a\u00f1os ha aumentado su capacidad productiva, contando actualmente con equipos que le permiten la ejecuci\u00f3n completa del proyecto,&nbsp; \u201cin situ\u201d, apoy\u00e1ndose en el Software de Maquinaci\u00f3n Avanzada \u201cDEPOCAM\u201d y en el software de Modelaci\u00f3n 2D\/3D \u201cVISI\u201d.<\/p>\n<p><a href=\"https:\/\/prismafer.pt\/wp-content\/uploads\/2016\/12\/VISI-horz.jpg\"><img loading=\"lazy\" decoding=\"async\" class=\"alignnone wp-image-1130\" src=\"https:\/\/prismafer.pt\/wp-content\/uploads\/2016\/12\/VISI-horz.jpg\" alt=\"\" width=\"621\" height=\"155\" srcset=\"https:\/\/prismafer.pt\/wp-content\/uploads\/2016\/12\/VISI-horz.jpg 665w, https:\/\/prismafer.pt\/wp-content\/uploads\/2016\/12\/VISI-horz-300x75.jpg 300w\" sizes=\"auto, (max-width: 621px) 100vw, 621px\" \/><\/a><\/p>\n<p>&nbsp;<\/p>","protected":false},"excerpt":{"rendered":"<p>PRISMAFER reconoce que la inversi\u00f3n en tecnolog\u00eda y equipos es una pieza fundamental para que junto con el&nbsp; know-how y la mano de obra calificada y especializada, todos los proyectos que ejecute se traduzcan en un \u00e9xito asegurado. Para lograr tal fin, a lo largo de los a\u00f1os ha aumentado su capacidad productiva, contando actualmente <a class=\"read-more\" href=\"https:\/\/prismafer.pt\/es\/producao-2\/\">Read More<\/a><\/p>\n","protected":false},"author":1,"featured_media":0,"parent":0,"menu_order":0,"comment_status":"closed","ping_status":"closed","template":"template-full-width.php","meta":{"ngg_post_thumbnail":0,"footnotes":""},"class_list":["post-408","page","type-page","status-publish","hentry"],"yoast_head":"<!-- This site is optimized with the Yoast SEO plugin v26.8 - https:\/\/yoast.com\/product\/yoast-seo-wordpress\/ -->\n<title>Producci\u00f3n - PRISMAFER || Moldes para Pl&aacute;sticos<\/title>\n<meta name=\"robots\" content=\"index, follow, max-snippet:-1, max-image-preview:large, max-video-preview:-1\" \/>\n<link rel=\"canonical\" href=\"https:\/\/prismafer.pt\/fr\/producao-2\/\" \/>\n<meta property=\"og:locale\" content=\"es_ES\" \/>\n<meta property=\"og:type\" content=\"article\" \/>\n<meta property=\"og:title\" content=\"Producci\u00f3n - PRISMAFER || Moldes para Pl&aacute;sticos\" \/>\n<meta property=\"og:description\" content=\"PRISMAFER reconoce que la inversi\u00f3n en tecnolog\u00eda y equipos es una pieza fundamental para que junto con el&nbsp; know-how y la mano de obra calificada y especializada, todos los proyectos que ejecute se traduzcan en un \u00e9xito asegurado. Para lograr tal fin, a lo largo de los a\u00f1os ha aumentado su capacidad productiva, contando actualmente Read More\" \/>\n<meta property=\"og:url\" content=\"https:\/\/prismafer.pt\/fr\/producao-2\/\" \/>\n<meta property=\"og:site_name\" content=\"PRISMAFER || Moldes para Pl&aacute;sticos\" \/>\n<meta property=\"article:modified_time\" content=\"2017-02-01T21:59:03+00:00\" \/>\n<meta property=\"og:image\" content=\"https:\/\/prismafer.pt\/wp-content\/uploads\/2016\/12\/PRODU\u00c7\u00c3O-gif1.gif\" \/>\n<meta name=\"twitter:card\" content=\"summary_large_image\" \/>\n<meta name=\"twitter:label1\" content=\"Tiempo de lectura\" \/>\n\t<meta name=\"twitter:data1\" content=\"2 minutos\" \/>\n<script type=\"application\/ld+json\" class=\"yoast-schema-graph\">{\"@context\":\"https:\/\/schema.org\",\"@graph\":[{\"@type\":\"WebPage\",\"@id\":\"https:\/\/prismafer.pt\/fr\/producao-2\/\",\"url\":\"https:\/\/prismafer.pt\/fr\/producao-2\/\",\"name\":\"Producci\u00f3n - PRISMAFER || Moldes para Pl&aacute;sticos\",\"isPartOf\":{\"@id\":\"https:\/\/prismafer.pt\/#website\"},\"primaryImageOfPage\":{\"@id\":\"https:\/\/prismafer.pt\/fr\/producao-2\/#primaryimage\"},\"image\":{\"@id\":\"https:\/\/prismafer.pt\/fr\/producao-2\/#primaryimage\"},\"thumbnailUrl\":\"https:\/\/prismafer.pt\/wp-content\/uploads\/2016\/12\/VISI-horz.jpg\",\"datePublished\":\"2016-12-03T13:15:09+00:00\",\"dateModified\":\"2017-02-01T21:59:03+00:00\",\"breadcrumb\":{\"@id\":\"https:\/\/prismafer.pt\/fr\/producao-2\/#breadcrumb\"},\"inLanguage\":\"es\",\"potentialAction\":[{\"@type\":\"ReadAction\",\"target\":[\"https:\/\/prismafer.pt\/fr\/producao-2\/\"]}]},{\"@type\":\"ImageObject\",\"inLanguage\":\"es\",\"@id\":\"https:\/\/prismafer.pt\/fr\/producao-2\/#primaryimage\",\"url\":\"https:\/\/prismafer.pt\/wp-content\/uploads\/2016\/12\/VISI-horz.jpg\",\"contentUrl\":\"https:\/\/prismafer.pt\/wp-content\/uploads\/2016\/12\/VISI-horz.jpg\"},{\"@type\":\"BreadcrumbList\",\"@id\":\"https:\/\/prismafer.pt\/fr\/producao-2\/#breadcrumb\",\"itemListElement\":[{\"@type\":\"ListItem\",\"position\":1,\"name\":\"In\u00edcio\",\"item\":\"https:\/\/prismafer.pt\/\"},{\"@type\":\"ListItem\",\"position\":2,\"name\":\"Production\"}]},{\"@type\":\"WebSite\",\"@id\":\"https:\/\/prismafer.pt\/#website\",\"url\":\"https:\/\/prismafer.pt\/\",\"name\":\"PRISMAFER || Moldes para Pl&aacute;sticos\",\"description\":\"forbrand\",\"publisher\":{\"@id\":\"https:\/\/prismafer.pt\/#organization\"},\"potentialAction\":[{\"@type\":\"SearchAction\",\"target\":{\"@type\":\"EntryPoint\",\"urlTemplate\":\"https:\/\/prismafer.pt\/?s={search_term_string}\"},\"query-input\":{\"@type\":\"PropertyValueSpecification\",\"valueRequired\":true,\"valueName\":\"search_term_string\"}}],\"inLanguage\":\"es\"},{\"@type\":\"Organization\",\"@id\":\"https:\/\/prismafer.pt\/#organization\",\"name\":\"Prismafer\",\"url\":\"https:\/\/prismafer.pt\/\",\"logo\":{\"@type\":\"ImageObject\",\"inLanguage\":\"es\",\"@id\":\"https:\/\/prismafer.pt\/#\/schema\/logo\/image\/\",\"url\":\"https:\/\/prismafer.pt\/wp-content\/uploads\/2016\/11\/prismafer.jpg\",\"contentUrl\":\"https:\/\/prismafer.pt\/wp-content\/uploads\/2016\/11\/prismafer.jpg\",\"width\":300,\"height\":100,\"caption\":\"Prismafer\"},\"image\":{\"@id\":\"https:\/\/prismafer.pt\/#\/schema\/logo\/image\/\"}}]}<\/script>\n<!-- \/ Yoast SEO plugin. -->","yoast_head_json":{"title":"Producci\u00f3n - PRISMAFER || Moldes para Pl&aacute;sticos","robots":{"index":"index","follow":"follow","max-snippet":"max-snippet:-1","max-image-preview":"max-image-preview:large","max-video-preview":"max-video-preview:-1"},"canonical":"https:\/\/prismafer.pt\/fr\/producao-2\/","og_locale":"es_ES","og_type":"article","og_title":"Producci\u00f3n - PRISMAFER || Moldes para Pl&aacute;sticos","og_description":"PRISMAFER reconoce que la inversi\u00f3n en tecnolog\u00eda y equipos es una pieza fundamental para que junto con el&nbsp; know-how y la mano de obra calificada y especializada, todos los proyectos que ejecute se traduzcan en un \u00e9xito asegurado. Para lograr tal fin, a lo largo de los a\u00f1os ha aumentado su capacidad productiva, contando actualmente Read More","og_url":"https:\/\/prismafer.pt\/fr\/producao-2\/","og_site_name":"PRISMAFER || Moldes para Pl&aacute;sticos","article_modified_time":"2017-02-01T21:59:03+00:00","og_image":[{"url":"https:\/\/prismafer.pt\/wp-content\/uploads\/2016\/12\/PRODU\u00c7\u00c3O-gif1.gif","type":"","width":"","height":""}],"twitter_card":"summary_large_image","twitter_misc":{"Tiempo de lectura":"2 minutos"},"schema":{"@context":"https:\/\/schema.org","@graph":[{"@type":"WebPage","@id":"https:\/\/prismafer.pt\/fr\/producao-2\/","url":"https:\/\/prismafer.pt\/fr\/producao-2\/","name":"Producci\u00f3n - PRISMAFER || Moldes para Pl&aacute;sticos","isPartOf":{"@id":"https:\/\/prismafer.pt\/#website"},"primaryImageOfPage":{"@id":"https:\/\/prismafer.pt\/fr\/producao-2\/#primaryimage"},"image":{"@id":"https:\/\/prismafer.pt\/fr\/producao-2\/#primaryimage"},"thumbnailUrl":"https:\/\/prismafer.pt\/wp-content\/uploads\/2016\/12\/VISI-horz.jpg","datePublished":"2016-12-03T13:15:09+00:00","dateModified":"2017-02-01T21:59:03+00:00","breadcrumb":{"@id":"https:\/\/prismafer.pt\/fr\/producao-2\/#breadcrumb"},"inLanguage":"es","potentialAction":[{"@type":"ReadAction","target":["https:\/\/prismafer.pt\/fr\/producao-2\/"]}]},{"@type":"ImageObject","inLanguage":"es","@id":"https:\/\/prismafer.pt\/fr\/producao-2\/#primaryimage","url":"https:\/\/prismafer.pt\/wp-content\/uploads\/2016\/12\/VISI-horz.jpg","contentUrl":"https:\/\/prismafer.pt\/wp-content\/uploads\/2016\/12\/VISI-horz.jpg"},{"@type":"BreadcrumbList","@id":"https:\/\/prismafer.pt\/fr\/producao-2\/#breadcrumb","itemListElement":[{"@type":"ListItem","position":1,"name":"In\u00edcio","item":"https:\/\/prismafer.pt\/"},{"@type":"ListItem","position":2,"name":"Production"}]},{"@type":"WebSite","@id":"https:\/\/prismafer.pt\/#website","url":"https:\/\/prismafer.pt\/","name":"PRISMAFER || Moldes para Pl&aacute;sticos","description":"forbrand","publisher":{"@id":"https:\/\/prismafer.pt\/#organization"},"potentialAction":[{"@type":"SearchAction","target":{"@type":"EntryPoint","urlTemplate":"https:\/\/prismafer.pt\/?s={search_term_string}"},"query-input":{"@type":"PropertyValueSpecification","valueRequired":true,"valueName":"search_term_string"}}],"inLanguage":"es"},{"@type":"Organization","@id":"https:\/\/prismafer.pt\/#organization","name":"Prismafer","url":"https:\/\/prismafer.pt\/","logo":{"@type":"ImageObject","inLanguage":"es","@id":"https:\/\/prismafer.pt\/#\/schema\/logo\/image\/","url":"https:\/\/prismafer.pt\/wp-content\/uploads\/2016\/11\/prismafer.jpg","contentUrl":"https:\/\/prismafer.pt\/wp-content\/uploads\/2016\/11\/prismafer.jpg","width":300,"height":100,"caption":"Prismafer"},"image":{"@id":"https:\/\/prismafer.pt\/#\/schema\/logo\/image\/"}}]}},"_links":{"self":[{"href":"https:\/\/prismafer.pt\/es\/wp-json\/wp\/v2\/pages\/408","targetHints":{"allow":["GET"]}}],"collection":[{"href":"https:\/\/prismafer.pt\/es\/wp-json\/wp\/v2\/pages"}],"about":[{"href":"https:\/\/prismafer.pt\/es\/wp-json\/wp\/v2\/types\/page"}],"author":[{"embeddable":true,"href":"https:\/\/prismafer.pt\/es\/wp-json\/wp\/v2\/users\/1"}],"replies":[{"embeddable":true,"href":"https:\/\/prismafer.pt\/es\/wp-json\/wp\/v2\/comments?post=408"}],"version-history":[{"count":26,"href":"https:\/\/prismafer.pt\/es\/wp-json\/wp\/v2\/pages\/408\/revisions"}],"predecessor-version":[{"id":1259,"href":"https:\/\/prismafer.pt\/es\/wp-json\/wp\/v2\/pages\/408\/revisions\/1259"}],"wp:attachment":[{"href":"https:\/\/prismafer.pt\/es\/wp-json\/wp\/v2\/media?parent=408"}],"curies":[{"name":"wp","href":"https:\/\/api.w.org\/{rel}","templated":true}]}}