{"id":385,"date":"2016-12-03T12:41:24","date_gmt":"2016-12-03T12:41:24","guid":{"rendered":"http:\/\/www.prismafer.pt\/?page_id=385"},"modified":"2017-02-01T21:58:40","modified_gmt":"2017-02-01T21:58:40","slug":"equipa","status":"publish","type":"page","link":"https:\/\/prismafer.pt\/es\/equipa\/","title":{"rendered":"Equipo"},"content":{"rendered":"<p><\/p>\n<h2 style=\"text-align: center;\">&nbsp;<\/h2>\n<p><img loading=\"lazy\" decoding=\"async\" class=\" wp-image-501 alignright\" src=\"https:\/\/prismafer.pt\/wp-content\/uploads\/2016\/12\/anigif.gif\" alt=\"anigif\" width=\"465\" height=\"200\"><\/p>\n<p>El equipo de PRISMAFER est\u00e1 encabezado por el socio fundador V\u00edctor Vidal, cuya carrera profesional comenz\u00f3 hace m\u00e1s de 25 a\u00f1os en una de las empresas del mundo m\u00e1s importantes en este sector, lo que le permiti\u00f3 tener un vasto conocimiento y excelente know-how, permitiendo as\u00ed ofrecer a sus clientes y a otros socios una amplia gama de soluciones y servicios para la industria de moldes de inyecci\u00f3n de pl\u00e1stico.<\/p>\n<p>Actualmente PRISMAFER cuenta con un grupo t\u00e9cnico multidisciplinario distribuido por los diversos puestos de trabajo, con amplia experiencia en la industria de Moldes T\u00e9cnicos. PRISMAFER gestiona en forma completa &nbsp;y precisa de todas las obras adjudicadas, respetando los plazos y requisitos. El objetivo de la empresa es la satisfacci\u00f3n de sus clientes, fidelizando y garantizando el abastecimiento de las ganancias de capital para ambas partes.<\/p>\n<p style=\"text-align: center;\">&nbsp;<\/p>\n<p><\/p>","protected":false},"excerpt":{"rendered":"<p>&nbsp; El equipo de PRISMAFER est\u00e1 encabezado por el socio fundador V\u00edctor Vidal, cuya carrera profesional comenz\u00f3 hace m\u00e1s de 25 a\u00f1os en una de las empresas del mundo m\u00e1s importantes en este sector, lo que le permiti\u00f3 tener un vasto conocimiento y excelente know-how, permitiendo as\u00ed ofrecer a sus clientes y a otros socios <a class=\"read-more\" href=\"https:\/\/prismafer.pt\/es\/equipa\/\">Read More<\/a><\/p>\n","protected":false},"author":1,"featured_media":0,"parent":0,"menu_order":0,"comment_status":"closed","ping_status":"closed","template":"template-full-width.php","meta":{"ngg_post_thumbnail":0,"footnotes":""},"class_list":["post-385","page","type-page","status-publish","hentry"],"yoast_head":"<!-- This site is optimized with the Yoast SEO plugin v26.8 - https:\/\/yoast.com\/product\/yoast-seo-wordpress\/ -->\n<title>Equipo - PRISMAFER || Moldes para Pl&aacute;sticos<\/title>\n<meta name=\"robots\" content=\"index, follow, max-snippet:-1, max-image-preview:large, max-video-preview:-1\" \/>\n<link rel=\"canonical\" href=\"https:\/\/prismafer.pt\/equipa\/\" \/>\n<meta property=\"og:locale\" content=\"es_ES\" \/>\n<meta property=\"og:type\" content=\"article\" \/>\n<meta property=\"og:title\" content=\"Equipo - PRISMAFER || Moldes para Pl&aacute;sticos\" \/>\n<meta property=\"og:description\" content=\"&nbsp; El equipo de PRISMAFER est\u00e1 encabezado por el socio fundador V\u00edctor Vidal, cuya carrera profesional comenz\u00f3 hace m\u00e1s de 25 a\u00f1os en una de las empresas del mundo m\u00e1s importantes en este sector, lo que le permiti\u00f3 tener un vasto conocimiento y excelente know-how, permitiendo as\u00ed ofrecer a sus clientes y a otros socios Read More\" \/>\n<meta property=\"og:url\" content=\"https:\/\/prismafer.pt\/equipa\/\" \/>\n<meta property=\"og:site_name\" content=\"PRISMAFER || Moldes para Pl&aacute;sticos\" \/>\n<meta property=\"article:modified_time\" content=\"2017-02-01T21:58:40+00:00\" \/>\n<meta property=\"og:image\" content=\"https:\/\/prismafer.pt\/wp-content\/uploads\/2016\/12\/anigif.gif\" \/>\n<meta name=\"twitter:card\" content=\"summary_large_image\" \/>\n<meta name=\"twitter:label1\" content=\"Tiempo de lectura\" \/>\n\t<meta name=\"twitter:data1\" content=\"3 minutos\" \/>\n<script type=\"application\/ld+json\" class=\"yoast-schema-graph\">{\"@context\":\"https:\/\/schema.org\",\"@graph\":[{\"@type\":\"WebPage\",\"@id\":\"https:\/\/prismafer.pt\/equipa\/\",\"url\":\"https:\/\/prismafer.pt\/equipa\/\",\"name\":\"Equipo - PRISMAFER || Moldes para Pl&aacute;sticos\",\"isPartOf\":{\"@id\":\"https:\/\/prismafer.pt\/#website\"},\"primaryImageOfPage\":{\"@id\":\"https:\/\/prismafer.pt\/equipa\/#primaryimage\"},\"image\":{\"@id\":\"https:\/\/prismafer.pt\/equipa\/#primaryimage\"},\"thumbnailUrl\":\"https:\/\/prismafer.pt\/wp-content\/uploads\/2016\/12\/anigif.gif\",\"datePublished\":\"2016-12-03T12:41:24+00:00\",\"dateModified\":\"2017-02-01T21:58:40+00:00\",\"breadcrumb\":{\"@id\":\"https:\/\/prismafer.pt\/equipa\/#breadcrumb\"},\"inLanguage\":\"es\",\"potentialAction\":[{\"@type\":\"ReadAction\",\"target\":[\"https:\/\/prismafer.pt\/equipa\/\"]}]},{\"@type\":\"ImageObject\",\"inLanguage\":\"es\",\"@id\":\"https:\/\/prismafer.pt\/equipa\/#primaryimage\",\"url\":\"https:\/\/prismafer.pt\/wp-content\/uploads\/2016\/12\/anigif.gif\",\"contentUrl\":\"https:\/\/prismafer.pt\/wp-content\/uploads\/2016\/12\/anigif.gif\"},{\"@type\":\"BreadcrumbList\",\"@id\":\"https:\/\/prismafer.pt\/equipa\/#breadcrumb\",\"itemListElement\":[{\"@type\":\"ListItem\",\"position\":1,\"name\":\"In\u00edcio\",\"item\":\"https:\/\/prismafer.pt\/\"},{\"@type\":\"ListItem\",\"position\":2,\"name\":\"Equipa\"}]},{\"@type\":\"WebSite\",\"@id\":\"https:\/\/prismafer.pt\/#website\",\"url\":\"https:\/\/prismafer.pt\/\",\"name\":\"PRISMAFER || Moldes para Pl&aacute;sticos\",\"description\":\"forbrand\",\"publisher\":{\"@id\":\"https:\/\/prismafer.pt\/#organization\"},\"potentialAction\":[{\"@type\":\"SearchAction\",\"target\":{\"@type\":\"EntryPoint\",\"urlTemplate\":\"https:\/\/prismafer.pt\/?s={search_term_string}\"},\"query-input\":{\"@type\":\"PropertyValueSpecification\",\"valueRequired\":true,\"valueName\":\"search_term_string\"}}],\"inLanguage\":\"es\"},{\"@type\":\"Organization\",\"@id\":\"https:\/\/prismafer.pt\/#organization\",\"name\":\"Prismafer\",\"url\":\"https:\/\/prismafer.pt\/\",\"logo\":{\"@type\":\"ImageObject\",\"inLanguage\":\"es\",\"@id\":\"https:\/\/prismafer.pt\/#\/schema\/logo\/image\/\",\"url\":\"https:\/\/prismafer.pt\/wp-content\/uploads\/2016\/11\/prismafer.jpg\",\"contentUrl\":\"https:\/\/prismafer.pt\/wp-content\/uploads\/2016\/11\/prismafer.jpg\",\"width\":300,\"height\":100,\"caption\":\"Prismafer\"},\"image\":{\"@id\":\"https:\/\/prismafer.pt\/#\/schema\/logo\/image\/\"}}]}<\/script>\n<!-- \/ Yoast SEO plugin. -->","yoast_head_json":{"title":"Equipo - PRISMAFER || Moldes para Pl&aacute;sticos","robots":{"index":"index","follow":"follow","max-snippet":"max-snippet:-1","max-image-preview":"max-image-preview:large","max-video-preview":"max-video-preview:-1"},"canonical":"https:\/\/prismafer.pt\/equipa\/","og_locale":"es_ES","og_type":"article","og_title":"Equipo - PRISMAFER || Moldes para Pl&aacute;sticos","og_description":"&nbsp; El equipo de PRISMAFER est\u00e1 encabezado por el socio fundador V\u00edctor Vidal, cuya carrera profesional comenz\u00f3 hace m\u00e1s de 25 a\u00f1os en una de las empresas del mundo m\u00e1s importantes en este sector, lo que le permiti\u00f3 tener un vasto conocimiento y excelente know-how, permitiendo as\u00ed ofrecer a sus clientes y a otros socios Read More","og_url":"https:\/\/prismafer.pt\/equipa\/","og_site_name":"PRISMAFER || Moldes para Pl&aacute;sticos","article_modified_time":"2017-02-01T21:58:40+00:00","og_image":[{"url":"https:\/\/prismafer.pt\/wp-content\/uploads\/2016\/12\/anigif.gif","type":"","width":"","height":""}],"twitter_card":"summary_large_image","twitter_misc":{"Tiempo de lectura":"3 minutos"},"schema":{"@context":"https:\/\/schema.org","@graph":[{"@type":"WebPage","@id":"https:\/\/prismafer.pt\/equipa\/","url":"https:\/\/prismafer.pt\/equipa\/","name":"Equipo - PRISMAFER || Moldes para Pl&aacute;sticos","isPartOf":{"@id":"https:\/\/prismafer.pt\/#website"},"primaryImageOfPage":{"@id":"https:\/\/prismafer.pt\/equipa\/#primaryimage"},"image":{"@id":"https:\/\/prismafer.pt\/equipa\/#primaryimage"},"thumbnailUrl":"https:\/\/prismafer.pt\/wp-content\/uploads\/2016\/12\/anigif.gif","datePublished":"2016-12-03T12:41:24+00:00","dateModified":"2017-02-01T21:58:40+00:00","breadcrumb":{"@id":"https:\/\/prismafer.pt\/equipa\/#breadcrumb"},"inLanguage":"es","potentialAction":[{"@type":"ReadAction","target":["https:\/\/prismafer.pt\/equipa\/"]}]},{"@type":"ImageObject","inLanguage":"es","@id":"https:\/\/prismafer.pt\/equipa\/#primaryimage","url":"https:\/\/prismafer.pt\/wp-content\/uploads\/2016\/12\/anigif.gif","contentUrl":"https:\/\/prismafer.pt\/wp-content\/uploads\/2016\/12\/anigif.gif"},{"@type":"BreadcrumbList","@id":"https:\/\/prismafer.pt\/equipa\/#breadcrumb","itemListElement":[{"@type":"ListItem","position":1,"name":"In\u00edcio","item":"https:\/\/prismafer.pt\/"},{"@type":"ListItem","position":2,"name":"Equipa"}]},{"@type":"WebSite","@id":"https:\/\/prismafer.pt\/#website","url":"https:\/\/prismafer.pt\/","name":"PRISMAFER || Moldes para Pl&aacute;sticos","description":"forbrand","publisher":{"@id":"https:\/\/prismafer.pt\/#organization"},"potentialAction":[{"@type":"SearchAction","target":{"@type":"EntryPoint","urlTemplate":"https:\/\/prismafer.pt\/?s={search_term_string}"},"query-input":{"@type":"PropertyValueSpecification","valueRequired":true,"valueName":"search_term_string"}}],"inLanguage":"es"},{"@type":"Organization","@id":"https:\/\/prismafer.pt\/#organization","name":"Prismafer","url":"https:\/\/prismafer.pt\/","logo":{"@type":"ImageObject","inLanguage":"es","@id":"https:\/\/prismafer.pt\/#\/schema\/logo\/image\/","url":"https:\/\/prismafer.pt\/wp-content\/uploads\/2016\/11\/prismafer.jpg","contentUrl":"https:\/\/prismafer.pt\/wp-content\/uploads\/2016\/11\/prismafer.jpg","width":300,"height":100,"caption":"Prismafer"},"image":{"@id":"https:\/\/prismafer.pt\/#\/schema\/logo\/image\/"}}]}},"_links":{"self":[{"href":"https:\/\/prismafer.pt\/es\/wp-json\/wp\/v2\/pages\/385","targetHints":{"allow":["GET"]}}],"collection":[{"href":"https:\/\/prismafer.pt\/es\/wp-json\/wp\/v2\/pages"}],"about":[{"href":"https:\/\/prismafer.pt\/es\/wp-json\/wp\/v2\/types\/page"}],"author":[{"embeddable":true,"href":"https:\/\/prismafer.pt\/es\/wp-json\/wp\/v2\/users\/1"}],"replies":[{"embeddable":true,"href":"https:\/\/prismafer.pt\/es\/wp-json\/wp\/v2\/comments?post=385"}],"version-history":[{"count":14,"href":"https:\/\/prismafer.pt\/es\/wp-json\/wp\/v2\/pages\/385\/revisions"}],"predecessor-version":[{"id":1258,"href":"https:\/\/prismafer.pt\/es\/wp-json\/wp\/v2\/pages\/385\/revisions\/1258"}],"wp:attachment":[{"href":"https:\/\/prismafer.pt\/es\/wp-json\/wp\/v2\/media?parent=385"}],"curies":[{"name":"wp","href":"https:\/\/api.w.org\/{rel}","templated":true}]}}