{"id":380,"date":"2016-12-03T12:38:44","date_gmt":"2016-12-03T12:38:44","guid":{"rendered":"http:\/\/www.prismafer.pt\/?page_id=380"},"modified":"2017-02-03T13:00:06","modified_gmt":"2017-02-03T13:00:06","slug":"quem-somos","status":"publish","type":"page","link":"https:\/\/prismafer.pt\/es\/quem-somos\/","title":{"rendered":"Qui\u00e9nes Somos"},"content":{"rendered":"<p><img loading=\"lazy\" decoding=\"async\" class=\"size-full wp-image-492 alignright\" src=\"https:\/\/prismafer.pt\/wp-content\/uploads\/2016\/12\/quem.jpg\" alt=\"quem\" width=\"568\" height=\"364\" srcset=\"https:\/\/prismafer.pt\/wp-content\/uploads\/2016\/12\/quem.jpg 568w, https:\/\/prismafer.pt\/wp-content\/uploads\/2016\/12\/quem-300x192.jpg 300w\" sizes=\"auto, (max-width: 568px) 100vw, 568px\" \/><\/p>\n<p>PRISMAFER es una compa\u00f1\u00eda &nbsp;especializada en la fabricaci\u00f3n de moldes, fundada a principio del a\u00f1o 2007, como resultado de un proyecto personal de uno de sus socios fundadores&nbsp; que, movido por un sue\u00f1o de hace mucho tiempo y por su esp\u00edritu empresarial, decide formar una empresa destinada a servir los intereses de un mercado muy exigente, la industria de Moldes de inyecci\u00f3n para piezas de pl\u00e1stico.<\/p>\n<p style=\"text-align: justify;\">El rigor y la calidad de nuestros productos y servicios, as\u00ed como la constante inversi\u00f3n en recursos t\u00e9cnicos y tecnol\u00f3gicos, permiten a PRISMAFER acompa\u00f1ar&nbsp; todo el progreso industrial. Nuestro principal objetivo es la constante mejora y simplificaci\u00f3n de la producci\u00f3n y del desarrollo de cada proyecto, convirti\u00e9ndose de esta manera m\u00e1s actual y competitiva, asegurando la satisfacci\u00f3n de las necesidades del cliente. De este modo el cliente obtiene lo que quiere, c\u00f3mo y cu\u00e1ndo necesita, nuestro lema es: \u00abComprender para atender&#8230;atender para satisfacer&#8230; satisfacer para mantener&#8230; mantener para crecer\u00bb<\/p>\n<p style=\"text-align: center;\"><em>\u201cLa&nbsp; mejor propaganda la hacen los clientes satisfechos.\u201d<\/em><br \/>\nPhilip Kotler<\/p>\n<p><\/p>","protected":false},"excerpt":{"rendered":"<p>PRISMAFER es una compa\u00f1\u00eda &nbsp;especializada en la fabricaci\u00f3n de moldes, fundada a principio del a\u00f1o 2007, como resultado de un proyecto personal de uno de sus socios fundadores&nbsp; que, movido por un sue\u00f1o de hace mucho tiempo y por su esp\u00edritu empresarial, decide formar una empresa destinada a servir los intereses de un mercado muy <a class=\"read-more\" href=\"https:\/\/prismafer.pt\/es\/quem-somos\/\">Read More<\/a><\/p>\n","protected":false},"author":1,"featured_media":0,"parent":0,"menu_order":0,"comment_status":"closed","ping_status":"closed","template":"template-full-width.php","meta":{"ngg_post_thumbnail":0,"footnotes":""},"class_list":["post-380","page","type-page","status-publish","hentry"],"yoast_head":"<!-- This site is optimized with the Yoast SEO plugin v26.8 - https:\/\/yoast.com\/product\/yoast-seo-wordpress\/ -->\n<title>Qui\u00e9nes Somos - PRISMAFER || Moldes para Pl&aacute;sticos<\/title>\n<meta name=\"robots\" content=\"index, follow, max-snippet:-1, max-image-preview:large, max-video-preview:-1\" \/>\n<link rel=\"canonical\" href=\"https:\/\/prismafer.pt\/fr\/quem-somos\/\" \/>\n<meta property=\"og:locale\" content=\"es_ES\" \/>\n<meta property=\"og:type\" content=\"article\" \/>\n<meta property=\"og:title\" content=\"Qui\u00e9nes Somos - PRISMAFER || Moldes para Pl&aacute;sticos\" \/>\n<meta property=\"og:description\" content=\"PRISMAFER es una compa\u00f1\u00eda &nbsp;especializada en la fabricaci\u00f3n de moldes, fundada a principio del a\u00f1o 2007, como resultado de un proyecto personal de uno de sus socios fundadores&nbsp; que, movido por un sue\u00f1o de hace mucho tiempo y por su esp\u00edritu empresarial, decide formar una empresa destinada a servir los intereses de un mercado muy Read More\" \/>\n<meta property=\"og:url\" content=\"https:\/\/prismafer.pt\/fr\/quem-somos\/\" \/>\n<meta property=\"og:site_name\" content=\"PRISMAFER || Moldes para Pl&aacute;sticos\" \/>\n<meta property=\"article:modified_time\" content=\"2017-02-03T13:00:06+00:00\" \/>\n<meta property=\"og:image\" content=\"https:\/\/prismafer.pt\/wp-content\/uploads\/2016\/12\/quem.jpg\" \/>\n<meta name=\"twitter:card\" content=\"summary_large_image\" \/>\n<meta name=\"twitter:label1\" content=\"Tiempo de lectura\" \/>\n\t<meta name=\"twitter:data1\" content=\"5 minutos\" \/>\n<script type=\"application\/ld+json\" class=\"yoast-schema-graph\">{\"@context\":\"https:\/\/schema.org\",\"@graph\":[{\"@type\":\"WebPage\",\"@id\":\"https:\/\/prismafer.pt\/fr\/quem-somos\/\",\"url\":\"https:\/\/prismafer.pt\/fr\/quem-somos\/\",\"name\":\"Qui\u00e9nes Somos - PRISMAFER || Moldes para Pl&aacute;sticos\",\"isPartOf\":{\"@id\":\"https:\/\/prismafer.pt\/#website\"},\"primaryImageOfPage\":{\"@id\":\"https:\/\/prismafer.pt\/fr\/quem-somos\/#primaryimage\"},\"image\":{\"@id\":\"https:\/\/prismafer.pt\/fr\/quem-somos\/#primaryimage\"},\"thumbnailUrl\":\"https:\/\/prismafer.pt\/wp-content\/uploads\/2016\/12\/quem.jpg\",\"datePublished\":\"2016-12-03T12:38:44+00:00\",\"dateModified\":\"2017-02-03T13:00:06+00:00\",\"breadcrumb\":{\"@id\":\"https:\/\/prismafer.pt\/fr\/quem-somos\/#breadcrumb\"},\"inLanguage\":\"es\",\"potentialAction\":[{\"@type\":\"ReadAction\",\"target\":[\"https:\/\/prismafer.pt\/fr\/quem-somos\/\"]}]},{\"@type\":\"ImageObject\",\"inLanguage\":\"es\",\"@id\":\"https:\/\/prismafer.pt\/fr\/quem-somos\/#primaryimage\",\"url\":\"https:\/\/prismafer.pt\/wp-content\/uploads\/2016\/12\/quem.jpg\",\"contentUrl\":\"https:\/\/prismafer.pt\/wp-content\/uploads\/2016\/12\/quem.jpg\"},{\"@type\":\"BreadcrumbList\",\"@id\":\"https:\/\/prismafer.pt\/fr\/quem-somos\/#breadcrumb\",\"itemListElement\":[{\"@type\":\"ListItem\",\"position\":1,\"name\":\"In\u00edcio\",\"item\":\"https:\/\/prismafer.pt\/\"},{\"@type\":\"ListItem\",\"position\":2,\"name\":\"Qui sommes-nous\"}]},{\"@type\":\"WebSite\",\"@id\":\"https:\/\/prismafer.pt\/#website\",\"url\":\"https:\/\/prismafer.pt\/\",\"name\":\"PRISMAFER || Moldes para Pl&aacute;sticos\",\"description\":\"forbrand\",\"publisher\":{\"@id\":\"https:\/\/prismafer.pt\/#organization\"},\"potentialAction\":[{\"@type\":\"SearchAction\",\"target\":{\"@type\":\"EntryPoint\",\"urlTemplate\":\"https:\/\/prismafer.pt\/?s={search_term_string}\"},\"query-input\":{\"@type\":\"PropertyValueSpecification\",\"valueRequired\":true,\"valueName\":\"search_term_string\"}}],\"inLanguage\":\"es\"},{\"@type\":\"Organization\",\"@id\":\"https:\/\/prismafer.pt\/#organization\",\"name\":\"Prismafer\",\"url\":\"https:\/\/prismafer.pt\/\",\"logo\":{\"@type\":\"ImageObject\",\"inLanguage\":\"es\",\"@id\":\"https:\/\/prismafer.pt\/#\/schema\/logo\/image\/\",\"url\":\"https:\/\/prismafer.pt\/wp-content\/uploads\/2016\/11\/prismafer.jpg\",\"contentUrl\":\"https:\/\/prismafer.pt\/wp-content\/uploads\/2016\/11\/prismafer.jpg\",\"width\":300,\"height\":100,\"caption\":\"Prismafer\"},\"image\":{\"@id\":\"https:\/\/prismafer.pt\/#\/schema\/logo\/image\/\"}}]}<\/script>\n<!-- \/ Yoast SEO plugin. -->","yoast_head_json":{"title":"Qui\u00e9nes Somos - PRISMAFER || Moldes para Pl&aacute;sticos","robots":{"index":"index","follow":"follow","max-snippet":"max-snippet:-1","max-image-preview":"max-image-preview:large","max-video-preview":"max-video-preview:-1"},"canonical":"https:\/\/prismafer.pt\/fr\/quem-somos\/","og_locale":"es_ES","og_type":"article","og_title":"Qui\u00e9nes Somos - PRISMAFER || Moldes para Pl&aacute;sticos","og_description":"PRISMAFER es una compa\u00f1\u00eda &nbsp;especializada en la fabricaci\u00f3n de moldes, fundada a principio del a\u00f1o 2007, como resultado de un proyecto personal de uno de sus socios fundadores&nbsp; que, movido por un sue\u00f1o de hace mucho tiempo y por su esp\u00edritu empresarial, decide formar una empresa destinada a servir los intereses de un mercado muy Read More","og_url":"https:\/\/prismafer.pt\/fr\/quem-somos\/","og_site_name":"PRISMAFER || Moldes para Pl&aacute;sticos","article_modified_time":"2017-02-03T13:00:06+00:00","og_image":[{"url":"https:\/\/prismafer.pt\/wp-content\/uploads\/2016\/12\/quem.jpg","type":"","width":"","height":""}],"twitter_card":"summary_large_image","twitter_misc":{"Tiempo de lectura":"5 minutos"},"schema":{"@context":"https:\/\/schema.org","@graph":[{"@type":"WebPage","@id":"https:\/\/prismafer.pt\/fr\/quem-somos\/","url":"https:\/\/prismafer.pt\/fr\/quem-somos\/","name":"Qui\u00e9nes Somos - PRISMAFER || Moldes para Pl&aacute;sticos","isPartOf":{"@id":"https:\/\/prismafer.pt\/#website"},"primaryImageOfPage":{"@id":"https:\/\/prismafer.pt\/fr\/quem-somos\/#primaryimage"},"image":{"@id":"https:\/\/prismafer.pt\/fr\/quem-somos\/#primaryimage"},"thumbnailUrl":"https:\/\/prismafer.pt\/wp-content\/uploads\/2016\/12\/quem.jpg","datePublished":"2016-12-03T12:38:44+00:00","dateModified":"2017-02-03T13:00:06+00:00","breadcrumb":{"@id":"https:\/\/prismafer.pt\/fr\/quem-somos\/#breadcrumb"},"inLanguage":"es","potentialAction":[{"@type":"ReadAction","target":["https:\/\/prismafer.pt\/fr\/quem-somos\/"]}]},{"@type":"ImageObject","inLanguage":"es","@id":"https:\/\/prismafer.pt\/fr\/quem-somos\/#primaryimage","url":"https:\/\/prismafer.pt\/wp-content\/uploads\/2016\/12\/quem.jpg","contentUrl":"https:\/\/prismafer.pt\/wp-content\/uploads\/2016\/12\/quem.jpg"},{"@type":"BreadcrumbList","@id":"https:\/\/prismafer.pt\/fr\/quem-somos\/#breadcrumb","itemListElement":[{"@type":"ListItem","position":1,"name":"In\u00edcio","item":"https:\/\/prismafer.pt\/"},{"@type":"ListItem","position":2,"name":"Qui sommes-nous"}]},{"@type":"WebSite","@id":"https:\/\/prismafer.pt\/#website","url":"https:\/\/prismafer.pt\/","name":"PRISMAFER || Moldes para Pl&aacute;sticos","description":"forbrand","publisher":{"@id":"https:\/\/prismafer.pt\/#organization"},"potentialAction":[{"@type":"SearchAction","target":{"@type":"EntryPoint","urlTemplate":"https:\/\/prismafer.pt\/?s={search_term_string}"},"query-input":{"@type":"PropertyValueSpecification","valueRequired":true,"valueName":"search_term_string"}}],"inLanguage":"es"},{"@type":"Organization","@id":"https:\/\/prismafer.pt\/#organization","name":"Prismafer","url":"https:\/\/prismafer.pt\/","logo":{"@type":"ImageObject","inLanguage":"es","@id":"https:\/\/prismafer.pt\/#\/schema\/logo\/image\/","url":"https:\/\/prismafer.pt\/wp-content\/uploads\/2016\/11\/prismafer.jpg","contentUrl":"https:\/\/prismafer.pt\/wp-content\/uploads\/2016\/11\/prismafer.jpg","width":300,"height":100,"caption":"Prismafer"},"image":{"@id":"https:\/\/prismafer.pt\/#\/schema\/logo\/image\/"}}]}},"_links":{"self":[{"href":"https:\/\/prismafer.pt\/es\/wp-json\/wp\/v2\/pages\/380","targetHints":{"allow":["GET"]}}],"collection":[{"href":"https:\/\/prismafer.pt\/es\/wp-json\/wp\/v2\/pages"}],"about":[{"href":"https:\/\/prismafer.pt\/es\/wp-json\/wp\/v2\/types\/page"}],"author":[{"embeddable":true,"href":"https:\/\/prismafer.pt\/es\/wp-json\/wp\/v2\/users\/1"}],"replies":[{"embeddable":true,"href":"https:\/\/prismafer.pt\/es\/wp-json\/wp\/v2\/comments?post=380"}],"version-history":[{"count":18,"href":"https:\/\/prismafer.pt\/es\/wp-json\/wp\/v2\/pages\/380\/revisions"}],"predecessor-version":[{"id":1273,"href":"https:\/\/prismafer.pt\/es\/wp-json\/wp\/v2\/pages\/380\/revisions\/1273"}],"wp:attachment":[{"href":"https:\/\/prismafer.pt\/es\/wp-json\/wp\/v2\/media?parent=380"}],"curies":[{"name":"wp","href":"https:\/\/api.w.org\/{rel}","templated":true}]}}