{"id":408,"date":"2016-12-03T13:15:09","date_gmt":"2016-12-03T13:15:09","guid":{"rendered":"http:\/\/www.prismafer.pt\/?page_id=408"},"modified":"2017-02-01T21:59:03","modified_gmt":"2017-02-01T21:59:03","slug":"producao-2","status":"publish","type":"page","link":"https:\/\/prismafer.pt\/de\/producao-2\/","title":{"rendered":"Produktion"},"content":{"rendered":"<p><img loading=\"lazy\" decoding=\"async\" class=\"wp-image-556 alignright\" src=\"https:\/\/prismafer.pt\/wp-content\/uploads\/2016\/12\/PRODU\u00c7\u00c3O-gif1.gif\" alt=\"gif\" width=\"443\" height=\"283\">PRISMAFER erkennt, dass die Investitionen in die Technologie und die Ausr\u00fcstung ein entscheidender Teil sind, kombiniert mit dem Know-how, den hochqualifizierten und spezialisierten Mitarbeitern, sodass alle Projekte ein voller Erfolgt werden. Im Laufe der Jahre wurde, um die Produktionskapazit\u00e4t zu erh\u00f6hen, alle Auftr\u00e4ge im Hause gefertigt,unterst\u00fctzt durch die Software&#8220;DEPOCAM&#8220; und die Modellierungssoftware 2D\/3D &#8222;VISI&#8220;.<\/p>\n<p><a href=\"https:\/\/prismafer.pt\/wp-content\/uploads\/2016\/12\/VISI-horz.jpg\"><img loading=\"lazy\" decoding=\"async\" class=\"alignnone wp-image-1130\" src=\"https:\/\/prismafer.pt\/wp-content\/uploads\/2016\/12\/VISI-horz.jpg\" alt=\"\" width=\"621\" height=\"155\" srcset=\"https:\/\/prismafer.pt\/wp-content\/uploads\/2016\/12\/VISI-horz.jpg 665w, https:\/\/prismafer.pt\/wp-content\/uploads\/2016\/12\/VISI-horz-300x75.jpg 300w\" sizes=\"auto, (max-width: 621px) 100vw, 621px\" \/><\/a><\/p>\n<p>&nbsp;<\/p>","protected":false},"excerpt":{"rendered":"<p>PRISMAFER erkennt, dass die Investitionen in die Technologie und die Ausr\u00fcstung ein entscheidender Teil sind, kombiniert mit dem Know-how, den hochqualifizierten und spezialisierten Mitarbeitern, sodass alle Projekte ein voller Erfolgt werden. Im Laufe der Jahre wurde, um die Produktionskapazit\u00e4t zu erh\u00f6hen, alle Auftr\u00e4ge im Hause gefertigt,unterst\u00fctzt durch die Software&#8220;DEPOCAM&#8220; und die Modellierungssoftware 2D\/3D &#8222;VISI&#8220;. &nbsp;<\/p>\n","protected":false},"author":1,"featured_media":0,"parent":0,"menu_order":0,"comment_status":"closed","ping_status":"closed","template":"template-full-width.php","meta":{"ngg_post_thumbnail":0,"footnotes":""},"class_list":["post-408","page","type-page","status-publish","hentry"],"yoast_head":"<!-- This site is optimized with the Yoast SEO plugin v26.8 - https:\/\/yoast.com\/product\/yoast-seo-wordpress\/ -->\n<title>Produktion - PRISMAFER || Moldes para Pl&aacute;sticos<\/title>\n<meta name=\"robots\" content=\"index, follow, max-snippet:-1, max-image-preview:large, max-video-preview:-1\" \/>\n<link rel=\"canonical\" href=\"https:\/\/prismafer.pt\/fr\/producao-2\/\" \/>\n<meta property=\"og:locale\" content=\"de_DE\" \/>\n<meta property=\"og:type\" content=\"article\" \/>\n<meta property=\"og:title\" content=\"Produktion - PRISMAFER || Moldes para Pl&aacute;sticos\" \/>\n<meta property=\"og:description\" content=\"PRISMAFER erkennt, dass die Investitionen in die Technologie und die Ausr\u00fcstung ein entscheidender Teil sind, kombiniert mit dem Know-how, den hochqualifizierten und spezialisierten Mitarbeitern, sodass alle Projekte ein voller Erfolgt werden. Im Laufe der Jahre wurde, um die Produktionskapazit\u00e4t zu erh\u00f6hen, alle Auftr\u00e4ge im Hause gefertigt,unterst\u00fctzt durch die Software&#8220;DEPOCAM&#8220; und die Modellierungssoftware 2D\/3D &#8222;VISI&#8220;. &nbsp;\" \/>\n<meta property=\"og:url\" content=\"https:\/\/prismafer.pt\/fr\/producao-2\/\" \/>\n<meta property=\"og:site_name\" content=\"PRISMAFER || Moldes para Pl&aacute;sticos\" \/>\n<meta property=\"article:modified_time\" content=\"2017-02-01T21:59:03+00:00\" \/>\n<meta property=\"og:image\" content=\"https:\/\/prismafer.pt\/wp-content\/uploads\/2016\/12\/PRODU\u00c7\u00c3O-gif1.gif\" \/>\n<meta name=\"twitter:card\" content=\"summary_large_image\" \/>\n<meta name=\"twitter:label1\" content=\"Gesch\u00e4tzte Lesezeit\" \/>\n\t<meta name=\"twitter:data1\" content=\"2\u00a0Minuten\" \/>\n<script type=\"application\/ld+json\" class=\"yoast-schema-graph\">{\"@context\":\"https:\/\/schema.org\",\"@graph\":[{\"@type\":\"WebPage\",\"@id\":\"https:\/\/prismafer.pt\/fr\/producao-2\/\",\"url\":\"https:\/\/prismafer.pt\/fr\/producao-2\/\",\"name\":\"Produktion - PRISMAFER || Moldes para Pl&aacute;sticos\",\"isPartOf\":{\"@id\":\"https:\/\/prismafer.pt\/#website\"},\"primaryImageOfPage\":{\"@id\":\"https:\/\/prismafer.pt\/fr\/producao-2\/#primaryimage\"},\"image\":{\"@id\":\"https:\/\/prismafer.pt\/fr\/producao-2\/#primaryimage\"},\"thumbnailUrl\":\"https:\/\/prismafer.pt\/wp-content\/uploads\/2016\/12\/VISI-horz.jpg\",\"datePublished\":\"2016-12-03T13:15:09+00:00\",\"dateModified\":\"2017-02-01T21:59:03+00:00\",\"breadcrumb\":{\"@id\":\"https:\/\/prismafer.pt\/fr\/producao-2\/#breadcrumb\"},\"inLanguage\":\"de\",\"potentialAction\":[{\"@type\":\"ReadAction\",\"target\":[\"https:\/\/prismafer.pt\/fr\/producao-2\/\"]}]},{\"@type\":\"ImageObject\",\"inLanguage\":\"de\",\"@id\":\"https:\/\/prismafer.pt\/fr\/producao-2\/#primaryimage\",\"url\":\"https:\/\/prismafer.pt\/wp-content\/uploads\/2016\/12\/VISI-horz.jpg\",\"contentUrl\":\"https:\/\/prismafer.pt\/wp-content\/uploads\/2016\/12\/VISI-horz.jpg\"},{\"@type\":\"BreadcrumbList\",\"@id\":\"https:\/\/prismafer.pt\/fr\/producao-2\/#breadcrumb\",\"itemListElement\":[{\"@type\":\"ListItem\",\"position\":1,\"name\":\"In\u00edcio\",\"item\":\"https:\/\/prismafer.pt\/\"},{\"@type\":\"ListItem\",\"position\":2,\"name\":\"Production\"}]},{\"@type\":\"WebSite\",\"@id\":\"https:\/\/prismafer.pt\/#website\",\"url\":\"https:\/\/prismafer.pt\/\",\"name\":\"PRISMAFER || Moldes para Pl&aacute;sticos\",\"description\":\"forbrand\",\"publisher\":{\"@id\":\"https:\/\/prismafer.pt\/#organization\"},\"potentialAction\":[{\"@type\":\"SearchAction\",\"target\":{\"@type\":\"EntryPoint\",\"urlTemplate\":\"https:\/\/prismafer.pt\/?s={search_term_string}\"},\"query-input\":{\"@type\":\"PropertyValueSpecification\",\"valueRequired\":true,\"valueName\":\"search_term_string\"}}],\"inLanguage\":\"de\"},{\"@type\":\"Organization\",\"@id\":\"https:\/\/prismafer.pt\/#organization\",\"name\":\"Prismafer\",\"url\":\"https:\/\/prismafer.pt\/\",\"logo\":{\"@type\":\"ImageObject\",\"inLanguage\":\"de\",\"@id\":\"https:\/\/prismafer.pt\/#\/schema\/logo\/image\/\",\"url\":\"https:\/\/prismafer.pt\/wp-content\/uploads\/2016\/11\/prismafer.jpg\",\"contentUrl\":\"https:\/\/prismafer.pt\/wp-content\/uploads\/2016\/11\/prismafer.jpg\",\"width\":300,\"height\":100,\"caption\":\"Prismafer\"},\"image\":{\"@id\":\"https:\/\/prismafer.pt\/#\/schema\/logo\/image\/\"}}]}<\/script>\n<!-- \/ Yoast SEO plugin. -->","yoast_head_json":{"title":"Produktion - PRISMAFER || Moldes para Pl&aacute;sticos","robots":{"index":"index","follow":"follow","max-snippet":"max-snippet:-1","max-image-preview":"max-image-preview:large","max-video-preview":"max-video-preview:-1"},"canonical":"https:\/\/prismafer.pt\/fr\/producao-2\/","og_locale":"de_DE","og_type":"article","og_title":"Produktion - PRISMAFER || Moldes para Pl&aacute;sticos","og_description":"PRISMAFER erkennt, dass die Investitionen in die Technologie und die Ausr\u00fcstung ein entscheidender Teil sind, kombiniert mit dem Know-how, den hochqualifizierten und spezialisierten Mitarbeitern, sodass alle Projekte ein voller Erfolgt werden. Im Laufe der Jahre wurde, um die Produktionskapazit\u00e4t zu erh\u00f6hen, alle Auftr\u00e4ge im Hause gefertigt,unterst\u00fctzt durch die Software&#8220;DEPOCAM&#8220; und die Modellierungssoftware 2D\/3D &#8222;VISI&#8220;. &nbsp;","og_url":"https:\/\/prismafer.pt\/fr\/producao-2\/","og_site_name":"PRISMAFER || Moldes para Pl&aacute;sticos","article_modified_time":"2017-02-01T21:59:03+00:00","og_image":[{"url":"https:\/\/prismafer.pt\/wp-content\/uploads\/2016\/12\/PRODU\u00c7\u00c3O-gif1.gif","type":"","width":"","height":""}],"twitter_card":"summary_large_image","twitter_misc":{"Gesch\u00e4tzte Lesezeit":"2\u00a0Minuten"},"schema":{"@context":"https:\/\/schema.org","@graph":[{"@type":"WebPage","@id":"https:\/\/prismafer.pt\/fr\/producao-2\/","url":"https:\/\/prismafer.pt\/fr\/producao-2\/","name":"Produktion - PRISMAFER || Moldes para Pl&aacute;sticos","isPartOf":{"@id":"https:\/\/prismafer.pt\/#website"},"primaryImageOfPage":{"@id":"https:\/\/prismafer.pt\/fr\/producao-2\/#primaryimage"},"image":{"@id":"https:\/\/prismafer.pt\/fr\/producao-2\/#primaryimage"},"thumbnailUrl":"https:\/\/prismafer.pt\/wp-content\/uploads\/2016\/12\/VISI-horz.jpg","datePublished":"2016-12-03T13:15:09+00:00","dateModified":"2017-02-01T21:59:03+00:00","breadcrumb":{"@id":"https:\/\/prismafer.pt\/fr\/producao-2\/#breadcrumb"},"inLanguage":"de","potentialAction":[{"@type":"ReadAction","target":["https:\/\/prismafer.pt\/fr\/producao-2\/"]}]},{"@type":"ImageObject","inLanguage":"de","@id":"https:\/\/prismafer.pt\/fr\/producao-2\/#primaryimage","url":"https:\/\/prismafer.pt\/wp-content\/uploads\/2016\/12\/VISI-horz.jpg","contentUrl":"https:\/\/prismafer.pt\/wp-content\/uploads\/2016\/12\/VISI-horz.jpg"},{"@type":"BreadcrumbList","@id":"https:\/\/prismafer.pt\/fr\/producao-2\/#breadcrumb","itemListElement":[{"@type":"ListItem","position":1,"name":"In\u00edcio","item":"https:\/\/prismafer.pt\/"},{"@type":"ListItem","position":2,"name":"Production"}]},{"@type":"WebSite","@id":"https:\/\/prismafer.pt\/#website","url":"https:\/\/prismafer.pt\/","name":"PRISMAFER || Moldes para Pl&aacute;sticos","description":"forbrand","publisher":{"@id":"https:\/\/prismafer.pt\/#organization"},"potentialAction":[{"@type":"SearchAction","target":{"@type":"EntryPoint","urlTemplate":"https:\/\/prismafer.pt\/?s={search_term_string}"},"query-input":{"@type":"PropertyValueSpecification","valueRequired":true,"valueName":"search_term_string"}}],"inLanguage":"de"},{"@type":"Organization","@id":"https:\/\/prismafer.pt\/#organization","name":"Prismafer","url":"https:\/\/prismafer.pt\/","logo":{"@type":"ImageObject","inLanguage":"de","@id":"https:\/\/prismafer.pt\/#\/schema\/logo\/image\/","url":"https:\/\/prismafer.pt\/wp-content\/uploads\/2016\/11\/prismafer.jpg","contentUrl":"https:\/\/prismafer.pt\/wp-content\/uploads\/2016\/11\/prismafer.jpg","width":300,"height":100,"caption":"Prismafer"},"image":{"@id":"https:\/\/prismafer.pt\/#\/schema\/logo\/image\/"}}]}},"_links":{"self":[{"href":"https:\/\/prismafer.pt\/de\/wp-json\/wp\/v2\/pages\/408","targetHints":{"allow":["GET"]}}],"collection":[{"href":"https:\/\/prismafer.pt\/de\/wp-json\/wp\/v2\/pages"}],"about":[{"href":"https:\/\/prismafer.pt\/de\/wp-json\/wp\/v2\/types\/page"}],"author":[{"embeddable":true,"href":"https:\/\/prismafer.pt\/de\/wp-json\/wp\/v2\/users\/1"}],"replies":[{"embeddable":true,"href":"https:\/\/prismafer.pt\/de\/wp-json\/wp\/v2\/comments?post=408"}],"version-history":[{"count":26,"href":"https:\/\/prismafer.pt\/de\/wp-json\/wp\/v2\/pages\/408\/revisions"}],"predecessor-version":[{"id":1259,"href":"https:\/\/prismafer.pt\/de\/wp-json\/wp\/v2\/pages\/408\/revisions\/1259"}],"wp:attachment":[{"href":"https:\/\/prismafer.pt\/de\/wp-json\/wp\/v2\/media?parent=408"}],"curies":[{"name":"wp","href":"https:\/\/api.w.org\/{rel}","templated":true}]}}